{"id":987,"date":"2024-12-19T13:52:29","date_gmt":"2024-12-19T11:52:29","guid":{"rendered":"https:\/\/welfare-experience.org\/?page_id=987"},"modified":"2026-05-04T11:01:57","modified_gmt":"2026-05-04T08:01:57","slug":"meet-the-team","status":"publish","type":"page","link":"https:\/\/welfare-experiences.org\/no\/meet-the-team","title":{"rendered":"Prosjektsdeltakere"},"content":{"rendered":"\n<div id=\"block_e1932d984ef0c22fd476c82f3397840b\" class=\"wp-block-spacer-custom\" aria-hidden=\"true\">\n\n<style media=\"screen\">\n  #block_e1932d984ef0c22fd476c82f3397840b{\n    clear: both;\n    height: 80px;\n  }\n  @media(max-width: 800px){\n    #block_e1932d984ef0c22fd476c82f3397840b{\n      height: 40px;\n    }\n  }\n<\/style>\n<\/div>\n\n\n\n<div id=\"block_118aa0bafea28b122643dd3cd4fb4aa1\" class=\"narrow-text-block\" aria-hidden=\"true\">\n\n  <div class=\"wrap\">\n\n    <p>Et stort og ambisi\u00f8st prosjekt som v\u00e5rt, med forskning i fem land, trenger mange involverte med ulike former for ekspertise. Her finner du informasjon om alle personene som deltar i prosjektet.<\/p>\n<p>For mer informasjon om resten av prosjektdeltakerne fra de ulike landene som er med i prosjektet, se den <a href=\"https:\/\/welfare-experiences.org\/meet-the-team\">engelsk-spr\u00e5klige siden &#8216;meet the team&#8217;<\/a>.<\/p>\n\n  <\/div>\n\n<\/div>\n\n\n\n<div id=\"block_3d304e1486c90b7274f62cbfd5b30695\" class=\"wp-block-spacer-custom\" aria-hidden=\"true\">\n\n<style media=\"screen\">\n  #block_3d304e1486c90b7274f62cbfd5b30695{\n    clear: both;\n    height: 48px;\n  }\n  @media(max-width: 800px){\n    #block_3d304e1486c90b7274f62cbfd5b30695{\n      height: 24px;\n    }\n  }\n<\/style>\n<\/div>\n\n\n\n\n<div id=\"block_250753fe773cf56940f6cd69d475e865\" class=\"accordion-block\">\n  <div class=\"narrow-text-block\">\n    <div class=\"wrap\">\n\n      <div class=\"accordion\">\n                          <div class=\"accordion-item open\">\n            <div class=\"accordion-header\">\n              <h2>Norge<\/h2>\n              <img decoding=\"async\" src=\"https:\/\/welfare-experiences.org\/wp-content\/themes\/praxis\/images\/accordion-down-black.svg\" class=\"icon\" alt=\"Arrow\">\n            <\/div>\n            <div class=\"accordion-content\" style=\"display: block;\">\n                              <div class=\"team-member-content\">\n                  <div class=\"team-member-image\">\n                                          <img decoding=\"async\" src=\"https:\/\/welfare-experiences.org\/wp-content\/uploads\/Erika-Gubrium.jpg\" alt=\"Profile image\">\n                                      <\/div>\n                  <div class=\"team-member-details\">\n                                          <h3>Erika Gubrium<\/h3>\n                                                              <p class=\"member-position\">Leder for arbeidspakke 2 (kvalitativ forskning)<\/p>\n                                                              <p class=\"member-email\"><a href=\"mailto:erikgu@oslomet.no\">erikgu@oslomet.no<\/a><\/p>\n                                                                                <div class=\"member-social-media\">\n                                                                                                                                  <\/div>\n                  <\/div>\n                                      <div class=\"team-member-desc\">\n                      <p>Erika Gubrium har en doktorgrad i sosiologi og utdanningshistorie fra University of Florida (2006), en mastergrad i internasjonal sosial velferds- og helsepolitikk (MIS) fra OsloMet (2009) og er professor i sosialt arbeid og sosialpolitikk ved OsloMet \u2013 storbyuniversitetet, Institutt for sosialfag, barnevern og sosialpolitikk. Hun underviser i kvalitative metoder p\u00e5 masterniv\u00e5 og sosialt arbeid i et globalt perspektiv p\u00e5 bachelorniv\u00e5. Gubrium har ledet samarbeidsprosjekter innen utdanningsforskning med National Law School University i Bangalore, Higher School of Economics i Moskva, og Beijing Normal University i Kina. Hennes forskningsekspertise ligger innen internasjonal og komparativ politikk mot fattigdom, med fokus p\u00e5 de sosialpsykologiske aspektene ved fattigdom; tidsmessige, romlige, politiske og tilh\u00f8righetsprosesser opplevd av innvandrere; samspillet mellom sosialt arbeid og sosialpolitikk i teori og praksis; og kvalitativ forskningsmetodologi, spesielt sanselige etnografiske metoder. Hun er for tiden assisterende redakt\u00f8r for tidsskriftet Nordic Social Work Research.<\/p>\n                    <\/div>\n                                  <\/div>\n              \n                              <div class=\"team-member-content\">\n                  <div class=\"team-member-image\">\n                                          <img decoding=\"async\" src=\"https:\/\/welfare-experiences.org\/wp-content\/uploads\/aaslund-1.jpg\" alt=\"Profile image\">\n                                      <\/div>\n                  <div class=\"team-member-details\">\n                                          <h3>H\u00e5vard Aaslund<\/h3>\n                                                                                  <p class=\"member-email\"><a href=\"mailto:havaa@oslomet.no\">havaa@oslomet.no<\/a><\/p>\n                                                                                  <p class=\"member-website\"><a href=\"https:\/\/www.oslomet.no\/en\/about\/employee\/havaa\/\" target=\"_blank\">https:\/\/www.oslomet.no\/en\/about\/employee\/havaa\/<\/a><\/p>\n                                        <div class=\"member-social-media\">\n                                                                                                                <a href=\"https:\/\/x.com\/chaavard\" target=\"_blank\">\n                          <img decoding=\"async\" src=\"https:\/\/welfare-experiences.org\/wp-content\/themes\/praxis\/images\/x.svg\" alt=\"X\">\n                        <\/a>\n                                                                <\/div>\n                  <\/div>\n                                      <div class=\"team-member-desc\">\n                      <p>H\u00e5vard Aaslund er f\u00f8rsteamanuensis i sosialt arbeid ved OsloMet \u2013 storbyuniversitetet. Han har en doktorgrad i sosialt arbeid og sosialpolitikk. Han har erfaring med deltakende aksjonsforskning, deltakende praksiser og feltarbeid, spesielt innen omr\u00e5dene bolig, fattigdom og bostedsl\u00f8shet. <\/p>\n                    <\/div>\n                                  <\/div>\n              \n                              <div class=\"team-member-content\">\n                  <div class=\"team-member-image\">\n                                          <img decoding=\"async\" src=\"https:\/\/welfare-experiences.org\/wp-content\/uploads\/Kjetil-Van-der-Wel.jpg\" alt=\"Profile image\">\n                                      <\/div>\n                  <div class=\"team-member-details\">\n                                          <h3>Kjetil van der Wel<\/h3>\n                                                              <p class=\"member-position\">Leder for den norske forskningsgruppen<\/p>\n                                                              <p class=\"member-email\"><a href=\"mailto:kjetil.wel@oslomet.no\">kjetil.wel@oslomet.no<\/a><\/p>\n                                                                                <div class=\"member-social-media\">\n                                              <a href=\"https:\/\/bsky.app\/profile\/kawel.bsky.social\" target=\"_blank\">\n                          <img decoding=\"async\" src=\"https:\/\/welfare-experiences.org\/wp-content\/themes\/praxis\/images\/bluesky.svg\" alt=\"Bluesky\">\n                        <\/a>\n                                                                                                                                  <\/div>\n                  <\/div>\n                                      <div class=\"team-member-desc\">\n                      <p>Kjetil A. van der Wel har en doktorgrad i sosiologi og er professor i sosialpolitikk ved OsloMet \u2013 storbyuniversitetet. Hans forsknings- og undervisningsinteresser dreier seg om sosial ulikhet i helse, velferd og levek\u00e5r over livsl\u00f8pet, sosial eksklusjon og fattigdom, helse-relaterte ulikheter i arbeidsdeltakelse og ekskludering, samt komparativ helse- og sosialpolitikk. Han arbeider prim\u00e6rt med registerdata og sp\u00f8rreunders\u00f8kelser.  <\/p>\n                    <\/div>\n                                  <\/div>\n              \n                              <div class=\"team-member-content\">\n                  <div class=\"team-member-image\">\n                                          <img decoding=\"async\" src=\"https:\/\/welfare-experiences.org\/wp-content\/themes\/praxis\/images\/placeholder.svg\" alt=\"Profile image\">\n                                      <\/div>\n                  <div class=\"team-member-details\">\n                                          <h3>Elian Eve Jentoft<\/h3>\n                                                              <p class=\"member-position\">Postdoktor<\/p>\n                                                                                                    <div class=\"member-social-media\">\n                                                                                                                                  <\/div>\n                  <\/div>\n                                      <div class=\"team-member-desc\">\n                      <p>Elian E Jentoft har en doktorgrad i sosialt arbeid og sosialpolitikk ved OsloMet. Hen har en tverrfaglig bakgrunn, som kommer fra feltene psykologi, sosialantropologi, global helse og sosialpolitikk. Hens mangfoldige forskningsbakgrunn inkluderer forskning innen nevrovitenskap, transpersoners erfaringer i helsevesenet og sosial\/folkehelsepolitikk. Andre forskningsinteresser inkluderer psykisk helse, velferd, tillit, ensomhet og STS.<\/p>\n                    <\/div>\n                                  <\/div>\n              \n                          <\/div>\n          <\/div>\n                  \n      <\/div>\n      <script>\n      jQuery(document).ready( function($) {\n      $(\".accordion-header\").on(\"click\", function () {\n          const parentItem = $(this).closest(\".accordion-item\");\n          const content = parentItem.find(\".accordion-content\");\n\n          if (parentItem.hasClass(\"open\")) {\n            content.slideUp();\n            parentItem.removeClass(\"open\");\n          } else {\n            content.slideDown();\n            parentItem.addClass(\"open\");\n          }\n        });\n      });\n      <\/script>\n\n    <\/div>\n  <\/div>\n<\/div>\n\n\n\n\n<div id=\"block_3d304e1486c90b7274f62cbfd5b30695\" class=\"wp-block-spacer-custom\" aria-hidden=\"true\">\n\n<style media=\"screen\">\n  #block_3d304e1486c90b7274f62cbfd5b30695{\n    clear: both;\n    height: 48px;\n  }\n  @media(max-width: 800px){\n    #block_3d304e1486c90b7274f62cbfd5b30695{\n      height: 24px;\n    }\n  }\n<\/style>\n<\/div>\n","protected":false},"excerpt":{"rendered":"","protected":false},"author":2,"featured_media":0,"parent":0,"menu_order":0,"comment_status":"closed","ping_status":"closed","template":"","meta":{"_acf_changed":false,"footnotes":""},"class_list":["post-987","page","type-page","status-publish","hentry"],"acf":[],"_links":{"self":[{"href":"https:\/\/welfare-experiences.org\/no\/wp-json\/wp\/v2\/pages\/987","targetHints":{"allow":["GET"]}}],"collection":[{"href":"https:\/\/welfare-experiences.org\/no\/wp-json\/wp\/v2\/pages"}],"about":[{"href":"https:\/\/welfare-experiences.org\/no\/wp-json\/wp\/v2\/types\/page"}],"author":[{"embeddable":true,"href":"https:\/\/welfare-experiences.org\/no\/wp-json\/wp\/v2\/users\/2"}],"replies":[{"embeddable":true,"href":"https:\/\/welfare-experiences.org\/no\/wp-json\/wp\/v2\/comments?post=987"}],"version-history":[{"count":0,"href":"https:\/\/welfare-experiences.org\/no\/wp-json\/wp\/v2\/pages\/987\/revisions"}],"wp:attachment":[{"href":"https:\/\/welfare-experiences.org\/no\/wp-json\/wp\/v2\/media?parent=987"}],"curies":[{"name":"wp","href":"https:\/\/api.w.org\/{rel}","templated":true}]}}