{"id":45,"date":"2024-12-17T12:10:21","date_gmt":"2024-12-17T10:10:21","guid":{"rendered":"https:\/\/welfare.praxis.ee\/demoleht\/"},"modified":"2026-05-04T10:47:40","modified_gmt":"2026-05-04T07:47:40","slug":"demoleht","status":"publish","type":"page","link":"https:\/\/welfare-experiences.org\/no","title":{"rendered":"Home page"},"content":{"rendered":"\n<div id=\"block_60c06faf727f11986ebd2fcd627624d7\" class=\"wp-block-spacer-custom\" aria-hidden=\"true\">\n\n<style media=\"screen\">\n  #block_60c06faf727f11986ebd2fcd627624d7{\n    clear: both;\n    height: 80px;\n  }\n  @media(max-width: 800px){\n    #block_60c06faf727f11986ebd2fcd627624d7{\n      height: 40px;\n    }\n  }\n<\/style>\n<\/div>\n\n\n\n<div id=\"block_06a3d1f3e9494f1386dcca08ed08f81f\" class=\"narrow-text-block\" aria-hidden=\"true\">\n\n  <div class=\"wrap\">\n\n    <p><em>Velferdserfaringer<\/em> (WelfareExperiences) er et ambisi\u00f8st og innovativt prosjekt som sammenligner erfaringene med \u00e5 motta ytelser i fem forskjellige land: Estland, Ungarn, Norge, Spania og Storbritannia.<\/p>\n<p>Prosjektet er et av de f\u00f8rste til \u00e5 sammenligne enkeltpersoners erfaringer med \u00e5 motta offentlige ytelser p\u00e5 tvers av land. Vi vil unders\u00f8ke hvordan det oppleves \u00e5 motta trygd og st\u00f8nad i dag og hvordan disse opplevelsene formes av forskjellige ordninger og tiltak. M\u00e5let med prosjektet er \u00e5 bidra til \u00e5 gj\u00f8re velferdssystemene bedre for personer som mottar ytelser og for samfunnet (se &#8216;M\u00e5l&#8217; nedenfor).<\/p>\n<p>Prosjektet p\u00e5g\u00e5r fra 2023-28, benytter ulike vitenskapelige metoder (mixed methods) og er gjennomgripende basert p\u00e5 samarbeid og samskaping med personer som mottar velferdsytelser. Les mer om hva vi arbeider med under siden \u00ab<a href=\"https:\/\/welfare-experiences.org\/no\/work-packages\">arbeidspakker<\/a>\u00bb.<\/p>\n<p>Det europeiske samarbeidet inkluderer \u00e5tte forskjellige forskningsmilj\u00f8er og syv organisasjoner som jobber sammen med personer med erfaring med \u00e5 motta ytelser. Les om hele prosjektgruppen <a href=\"https:\/\/welfare-experiences.org\/meet-the-team\">her<\/a>.<\/p>\n<p><em>Velferdserfaringer<\/em> (WelfareExperiences) er innvilget 3 millioner pund fra Research &amp; Innovation Guarantee [EP\/Y024621\/1], etter \u00e5 ha n\u00e5dd opp i konkurransen om midler hos <a href=\"https:\/\/erc.europa.eu\/apply-grant\/consolidator-grant\">European Research Council<\/a>.<\/p>\n<h3>Prosjektets m\u00e5lsettinger<\/h3>\n<p>I prosjektet er vi blitt enige om \u00e5 forf\u00f8lge to felles m\u00e5l.<\/p>\n<p>For det f\u00f8rste m\u00e5 <strong>utformingen av velferdspolitikk skje i partnerskap med personer som mottar ytelser<\/strong>, de er eksperter p\u00e5 sin egen situasjon. Altfor ofte ignorerer forskere og beslutningstakere synspunktene til personer som mottar ytelser, noe som f\u00f8rer til politikk som ikke bare mislykkes i sine m\u00e5l, men som ogs\u00e5 forverrer mottakernes liv. V\u00e5rt perspektiv er som f\u00f8lger: Personer som mottar trygd og st\u00f8nad har selvsagt ikke alle svarene en demokratisk prosess inneb\u00e6rer at det er folkevalgte politikere som m\u00e5 stake ut politikken. Men effektiv og rettferdig velferdspolitikk krever at de ber\u00f8rte er en del av samtalen om hvordan ordningene skal utformes \u2013 \u00e5 ekskludere dem fra samtalen er b\u00e5de urettferdig og utelukker viktige eksperterfaringer fra dem som \u00abhar skoen p\u00e5\u00bb.<\/p>\n<p>For det andre m\u00e5 <strong>andre hensyn enn \u00f8konomiske insentiver i sterkere grad prege utformingen av velferdspolitikken<\/strong>. Det meste av den komparative velferdsforskningen har v\u00e6rt opptatt av om velferdssystemer reduserer fattigdom eller f\u00e5r flere i jobb. Dette er selvsagt viktig, men gjennom samtaler med personer som mottar ytelser vet vi at andre ting ogs\u00e5 er viktige \u2013 om ytelser gir verdighet, trygghet og oppleves rettferdige; eller om folk f\u00f8ler seg stigmatiserte, utrygge og urettferdig behandlet. Dette er viktige velferdsm\u00e5l i seg selv \u2013 men p\u00e5virker ogs\u00e5 andre forhold, slik som psykisk helse og hvordan personer som mottar ytelser tenker om sine muligheter i arbeidsmarkedet.<\/p>\n<p>Vi m\u00e5 endre m\u00e5ten vi tenker omkring trygd og st\u00f8nader \u2013 de er ikke bare overf\u00f8ring av penger, men utgj\u00f8r ogs\u00e5 komplekse interaksjoner mellom individ og stat som kan ha vidtrekkende konsekvenser.<\/p>\n<p>Vi \u00f8nsker \u00e5 fremme <em>perspektivene<\/em> <em>til personer som mottar ytelser<\/em>, og \u00e5 bygge en kunnskapsbase rundt disse slik at vi f\u00e5r en bedre forst\u00e5else av hvordan velferdssystemene egentlig fungerer. Endringene som er n\u00f8dvendige er st\u00f8rre enn det ett enkelt prosjekt alene kan oppn\u00e5 \u2013 v\u00e5rt h\u00e5p er derfor at andre vil v\u00e6re med \u00e5 bidra til dem, slik at vi til slutt kan forandre m\u00e5ten vi tenker om velferdsstaten p\u00e5 og bidra til tjenester som gir trygghet og oppleves som verdige og rettferdige.<\/p>\n<p>&nbsp;<\/p>\n\n  <\/div>\n\n<\/div>\n\n\n\n<div id=\"block_17a847865585df9d07b3694d1d250a57\" class=\"wp-block-spacer-custom\" aria-hidden=\"true\">\n\n<style media=\"screen\">\n  #block_17a847865585df9d07b3694d1d250a57{\n    clear: both;\n    height: 48px;\n  }\n  @media(max-width: 800px){\n    #block_17a847865585df9d07b3694d1d250a57{\n      height: 24px;\n    }\n  }\n<\/style>\n<\/div>\n","protected":false},"excerpt":{"rendered":"","protected":false},"author":1,"featured_media":0,"parent":0,"menu_order":0,"comment_status":"closed","ping_status":"closed","template":"","meta":{"_acf_changed":false,"footnotes":""},"class_list":["post-45","page","type-page","status-publish","hentry"],"acf":[],"_links":{"self":[{"href":"https:\/\/welfare-experiences.org\/no\/wp-json\/wp\/v2\/pages\/45","targetHints":{"allow":["GET"]}}],"collection":[{"href":"https:\/\/welfare-experiences.org\/no\/wp-json\/wp\/v2\/pages"}],"about":[{"href":"https:\/\/welfare-experiences.org\/no\/wp-json\/wp\/v2\/types\/page"}],"author":[{"embeddable":true,"href":"https:\/\/welfare-experiences.org\/no\/wp-json\/wp\/v2\/users\/1"}],"replies":[{"embeddable":true,"href":"https:\/\/welfare-experiences.org\/no\/wp-json\/wp\/v2\/comments?post=45"}],"version-history":[{"count":0,"href":"https:\/\/welfare-experiences.org\/no\/wp-json\/wp\/v2\/pages\/45\/revisions"}],"wp:attachment":[{"href":"https:\/\/welfare-experiences.org\/no\/wp-json\/wp\/v2\/media?parent=45"}],"curies":[{"name":"wp","href":"https:\/\/api.w.org\/{rel}","templated":true}]}}