{"id":1015,"date":"2024-12-19T13:51:51","date_gmt":"2024-12-19T11:51:51","guid":{"rendered":"https:\/\/welfare-experience.org\/?page_id=1015"},"modified":"2026-05-04T10:51:27","modified_gmt":"2026-05-04T07:51:27","slug":"work-packages","status":"publish","type":"page","link":"https:\/\/welfare-experiences.org\/no\/work-packages","title":{"rendered":"Arbeidspakker"},"content":{"rendered":"\n<div id=\"block_6de60806805d772417db925e2ecb32a7\" class=\"wp-block-spacer-custom\" aria-hidden=\"true\">\n\n<style media=\"screen\">\n  #block_6de60806805d772417db925e2ecb32a7{\n    clear: both;\n    height: 40px;\n  }\n  @media(max-width: 800px){\n    #block_6de60806805d772417db925e2ecb32a7{\n      height: 20px;\n    }\n  }\n<\/style>\n<\/div>\n\n\n\n<div id=\"block_b61a39d7a64369a4e4c53de6894c91e4\" class=\"narrow-text-block\" aria-hidden=\"true\">\n\n  <div class=\"wrap\">\n\n    <h3>For f\u00f8rste gang skal et forskningsprosjekt sammenligne erfaringer med trygdesystemer p\u00e5 tvers av land<\/h3>\n<p>Et viktig m\u00e5l i prosjektet er \u00e5 sammenligne trygdesystemer og hvordan de virker, p\u00e5 en ny m\u00e5te. Fram til n\u00e5 har slik forskning v\u00e6rt mest opptatt av trygderegler og ulike objektive m\u00e5l for velferdsstaten, slik som \u00e5 redusere fattigdom og f\u00e5 flere i jobb. Dette er \u00e5penbart viktig, men erfaringene til folk som mottar trygd tyder p\u00e5 at trygdenes utforming og virkninger p\u00e5virker velferden til mottakerne p\u00e5 mer gjennomgripende vis. For eksempel kan det prege mottakernes opplevelse av verdighet, trygghet og rettferdighet. Noen velferdsordninger underst\u00f8tter slike opplevelser, imens andre kan gj\u00f8re at folk f\u00f8ler seg stigmatisert, utrygge eller urettferdig behandlet. Slike erfaringer er viktige i seg selv, og har dessuten potensielt stor betydning for folks helse og mulighet til \u00e5 jobbe.<\/p>\n<p><strong>Ved \u00e5 sammenligne fem land \u2013 Estland, Ungarn, Norge, Spania og Storbritannia \u2013 vil prosjektet foreta den f\u00f8rste internasjonale sammenligningen av hvordan det faktisk oppleves \u00e5 motta trygd i ulike land, i utgangspunktet med vekt p\u00e5 dimensjonene verdighet, trygghet og rettferdighet.<\/strong><\/p>\n<p>Forskningen vil ogs\u00e5 bidra med kunnskap om hvorvidt opplevelser som mottaker av trygdeytelser p\u00e5virker psykisk helse og arbeidsdeltakelse, og i hvilken grad velferdspolitikken har betydning for denne sammenhengen. Resultatene skal b\u00e5de bidra til ny kunnskap om velferdsstaten og bidra til \u00e5 gj\u00f8re folks erfaringer med trygdesystemene bedre.<\/p>\n<p><strong>Vi har fire m\u00e5l med prosjektet:<\/strong><\/p>\n<ol>\n<li>\u00c5 finne ut hva \u00aberfaringer med \u00e5 motta trygd\u00bb egentlig betyr \u2013 hva de betyr for folk som mottar trygd.<\/li>\n<li>\u00c5 sammenligne erfaringene til folk som mottar trygd i Estland, Ungarn, Norge, Spania og Storbritannia.<\/li>\n<li>\u00c5 forst\u00e5 hvordan ulik velferdspolitikk kan gj\u00f8re trygdeopplevelsene bedre \u2013 eller verre.<\/li>\n<li>\u00c5 finne ut hvordan det \u00e5 motta trygd p\u00e5virker psykisk helse og om folk kommer seg i arbeid.<\/li>\n<\/ol>\n<p>Det er viktig for prosjektet at vi skal finne ut av dette sammen med folk som selv mottar trygd. Det gj\u00f8r forskningen v\u00e5r bedre og mer troverdig, fordi vi kan l\u00e6re av deres erfaringer. Men mest av alt gj\u00f8r vi det p\u00e5 denne m\u00e5ten fordi vi mener at forskning som handler om folks liv, ogs\u00e5 b\u00f8r involvere dem det gjelder.<\/p>\n<p><strong>Prosjektet har tre deler: <\/strong><\/p>\n<h3>Arbeidspakke 1: En ny m\u00e5te \u00e5 tenke p\u00e5<\/h3>\n<p>Denne delen av prosjektet varer gjennom hele prosjektperioden og handler om \u00e5 samle ulike typer kunnskap for \u00e5 forst\u00e5 hvordan folk faktisk opplever det \u00e5 motta trygd. Her legger vi spesielt vekt p\u00e5 det vi kaller inkluderende kunnskapsproduksjon \u00a0\u2013 alts\u00e5 at kunnskapen og erfaringene til dem som mottar trygd skal v\u00e6re en del av b\u00e5de planleggingen, innsamlingen og tolkningen av data. Dette handler om respekt, rettferdighet og \u00e5 gj\u00f8re forskningen mer relevant.<\/p>\n<p>I sentrum for dette arbeidet st\u00e5r organisasjoner i frivillig sektor som representerer trygdemottakere. Prosjektet startet med workshopper i hvert av de fem landene (Estland, Ungarn, Norge, Spania og Storbritannia), der vi bruker ulike metoder \u2013 blant annet kreative tiln\u00e6rminger \u2013 for \u00e5 snakke med folk som mottar trygd. I samtalene fokuserer vi p\u00e5 deres vei gjennom trygdesystemet, hvilke ord de bruker for \u00e5 beskrive opplevelsene sine, og hvilke sider av erfaringene som betyr mest for dem.<\/p>\n<p>Disse samtalene g\u00e5r parallelt med en gjennomgang av relevant forskning. Sammen danner dette grunnlaget for v\u00e5r begrepsramme \u2013 alts\u00e5 hvordan vi forst\u00e5r og snakker om erfaringene med \u00e5 motta trygd \u2013 som vi skal bruke videre i arbeidspakke 2 og 3.<\/p>\n<h3>Arbeidspakke 2: Nyskapende kvalitativ sammenligning<\/h3>\n<p>I denne delen av prosjektet skal vi g\u00e5 i dybden p\u00e5 folks erfaringer med \u00e5 motta trygd. Vi bygger videre p\u00e5 innsikten fra arbeidspakke 1, og starter med vanlige dybdeintervjuer med folk som mottar trygd i de fem landene. Etterp\u00e5 tar vi i bruk mer nyskapende metoder for \u00e5 f\u00f8lge med p\u00e5 hvordan disse erfaringene utvikler seg over tid:<\/p>\n<ul>\n<li>Vi bruker en digital app der deltakerne kan loggf\u00f8re tanker og opplevelser hver gang de har kontakt med noen i trygdesystemet \u2013 enten det skjer ansikt til ansikt, over telefon, nett eller brev. De kan legge inn tekst, bilder eller lydklipp som beskriver hva de tenkte og f\u00f8lte under og etter m\u00f8tet.<\/li>\n<li>For dem som synes det er vanskelig \u00e5 bruke en app, lager vi en alternativ l\u00f8sning som passer bedre for dem.<\/li>\n<li>I tillegg gj\u00f8r vi korte telefonintervjuer rett etter viktige hendelser i st\u00f8nadsforl\u00f8pet \u2013 hendelser vi f\u00e5r med oss via appen.<\/li>\n<\/ul>\n<p>Ved \u00e5 gj\u00f8re dette i fem forskjellige land kan vi finne ut hvordan enkeltm\u00f8ter og meldinger p\u00e5virker hvordan folk opplever det \u00e5 s\u00f8ke og motta trygd. Vi ser spesielt p\u00e5 f\u00f8lelsesmessige reaksjoner \u2013 som tillit, trygghet, h\u00e5pl\u00f8shet eller skam \u2013 og hvordan disse varierer mellom ulike trygdesystemer.<\/p>\n<h3>Arbeidspakke 3: Grundig kvantitativ sammenligning<\/h3>\n<p>I denne delen av prosjektet bygger vi videre p\u00e5 funnene fra arbeidspakke 1 og 2, og gjennomf\u00f8rer en stor sp\u00f8rreunders\u00f8kelse blant trygdemottakere i de fem landene. Unders\u00f8kelsen tar utgangspunkt i det vi har l\u00e6rt om hva folk selv mener er viktigst i m\u00f8tet med trygdesystemet.<\/p>\n<p>Unders\u00f8kelsen gjennomf\u00f8res p\u00e5 to m\u00e5ter:<\/p>\n<ul>\n<li><strong>En stor nettbasert sp\u00f8rreunders\u00f8kelse<\/strong>: Dette er en rimelig og effektiv m\u00e5te \u00e5 n\u00e5 mange mennesker i hvert land. N\u00e5r vi f\u00e5r store utvalg, kan vi sammenligne erfaringene til ulike grupper av trygdemottakere innen hvert enkelt land. Nettunders\u00f8kelsen gj\u00f8r det ogs\u00e5 mulig \u00e5 f\u00f8lge de samme personene over tid, og se hvordan erfaringene deres utvikler seg, for eksempel hvis det skjer noe nytt i trygdesaken deres.<\/li>\n<li><strong>En mindre telefonunders\u00f8kelse<\/strong>: Telefonsamtaler er mye dyrere enn nettunders\u00f8kelser, men viktige for \u00e5 n\u00e5 folk som ikke har internett eller som synes det er vanskelig \u00e5 bruke digitale l\u00f8sninger.<\/li>\n<\/ul>\n<p>Resultatene fra disse unders\u00f8kelsene gir oss mulighet til \u00e5 gj\u00f8re statistiske sammenligninger mellom land. Vi kan da svare p\u00e5 viktige sp\u00f8rsm\u00e5l, som: Hvor mye varierer opplevelsen av \u00e5 motta trygd fra land til land? Hva har det \u00e5 si hvordan systemene er utformet? Og hvordan p\u00e5virker disse erfaringene folks psykiske helse og muligheten for \u00e5 komme tilbake i arbeid?<\/p>\n<h3>Endre forskning og politikk<\/h3>\n<p>I tillegg til \u00e5 forske, \u00f8nsker vi \u00e5 gj\u00f8re arbeidet v\u00e5rt kjent for ulike grupper. Resultatene fra prosjektet skal publiseres b\u00e5de i akademiske tidsskrifter og i formater som er relevante for dem som jobber med politikk og praksis.<\/p>\n<p>Vi samarbeider med viktige akt\u00f8rer som internasjonale organisasjoner, brukerorganisasjoner og nasjonale medier og beslutningstakere. For disse gruppene vil vi lage tilpasset innhold som bygger p\u00e5 b\u00e5de forskning og erfaring \u2013 for eksempel blogginnlegg, profesjonelt produserte podkaster og interaktive visualiseringer som viser hvordan erfaringene med \u00e5 motta trygd varierer mellom land og grupper.<\/p>\n<p>Innenfor prosjektet vil vi ogs\u00e5 lage m\u00f8teplasser der folk med egen erfaring og fagfolk kan diskutere politikkutvikling sammen. Det kan for eksempel handle om \u00e5 st\u00f8tte personer med erfaring fra trygdesystemet til \u00e5 uttale seg i media, eller \u00e5 arrangere m\u00f8ter der vi sammen med politiske akt\u00f8rer unders\u00f8ker de politiske betingelsene for gode opplevelser i velferdssystemet.<\/p>\n<p>&nbsp;<\/p>\n\n  <\/div>\n\n<\/div>\n\n\n\n<div id=\"block_69da5a5cd25807b9abff6c3043ced1d5\" class=\"wp-block-spacer-custom\" aria-hidden=\"true\">\n\n<style media=\"screen\">\n  #block_69da5a5cd25807b9abff6c3043ced1d5{\n    clear: both;\n    height: 48px;\n  }\n  @media(max-width: 800px){\n    #block_69da5a5cd25807b9abff6c3043ced1d5{\n      height: 24px;\n    }\n  }\n<\/style>\n<\/div>\n","protected":false},"excerpt":{"rendered":"","protected":false},"author":2,"featured_media":0,"parent":0,"menu_order":0,"comment_status":"closed","ping_status":"closed","template":"","meta":{"_acf_changed":false,"footnotes":""},"class_list":["post-1015","page","type-page","status-publish","hentry"],"acf":[],"_links":{"self":[{"href":"https:\/\/welfare-experiences.org\/no\/wp-json\/wp\/v2\/pages\/1015","targetHints":{"allow":["GET"]}}],"collection":[{"href":"https:\/\/welfare-experiences.org\/no\/wp-json\/wp\/v2\/pages"}],"about":[{"href":"https:\/\/welfare-experiences.org\/no\/wp-json\/wp\/v2\/types\/page"}],"author":[{"embeddable":true,"href":"https:\/\/welfare-experiences.org\/no\/wp-json\/wp\/v2\/users\/2"}],"replies":[{"embeddable":true,"href":"https:\/\/welfare-experiences.org\/no\/wp-json\/wp\/v2\/comments?post=1015"}],"version-history":[{"count":0,"href":"https:\/\/welfare-experiences.org\/no\/wp-json\/wp\/v2\/pages\/1015\/revisions"}],"wp:attachment":[{"href":"https:\/\/welfare-experiences.org\/no\/wp-json\/wp\/v2\/media?parent=1015"}],"curies":[{"name":"wp","href":"https:\/\/api.w.org\/{rel}","templated":true}]}}