{"id":996,"date":"2024-12-19T13:52:12","date_gmt":"2024-12-19T11:52:12","guid":{"rendered":"https:\/\/welfare-experience.org\/?page_id=996"},"modified":"2026-04-29T18:57:57","modified_gmt":"2026-04-29T15:57:57","slug":"documentation-page-top-content","status":"publish","type":"page","link":"https:\/\/welfare-experiences.org\/hu\/documentation-page-top-content","title":{"rendered":"Documentation page top content"},"content":{"rendered":"\n<div id=\"block_f50bf9bdb4b6975de4c3cff11e2577b1\" class=\"wp-block-spacer-custom\" aria-hidden=\"true\">\n\n<style media=\"screen\">\n  #block_f50bf9bdb4b6975de4c3cff11e2577b1{\n    clear: both;\n    height: 80px;\n  }\n  @media(max-width: 800px){\n    #block_f50bf9bdb4b6975de4c3cff11e2577b1{\n      height: 40px;\n    }\n  }\n<\/style>\n<\/div>\n\n\n\n<div id=\"block_9c8f4eeec49dc330a3dab2844371a25b\" class=\"narrow-text-block\" aria-hidden=\"true\">\n\n  <div class=\"wrap\">\n\n    <p>A projekttel kapcsolatos tanulm\u00e1nyaink ezen az oldalon \u00e9rhet\u0151k el. A teljes angol nyelv\u0171 kiadv\u00e1nylist\u00e1nk megtekint\u00e9s\u00e9hez k\u00e9rj\u00fck, l\u00e1togassa meg a &#8222;Dokumentumok&#8221; oldal angol nyelv\u0171 verzi\u00f3j\u00e1t (&#8222;Documentation&#8221;).<\/p>\n\n  <\/div>\n\n<\/div>\n\n\n\n<div id=\"block_0ce26b2d477dd7afa6b3647ba00f31be\" class=\"wp-block-spacer-custom\" aria-hidden=\"true\">\n\n<style media=\"screen\">\n  #block_0ce26b2d477dd7afa6b3647ba00f31be{\n    clear: both;\n    height: 120px;\n  }\n  @media(max-width: 800px){\n    #block_0ce26b2d477dd7afa6b3647ba00f31be{\n      height: 120px;\n    }\n  }\n<\/style>\n<\/div>\n","protected":false},"excerpt":{"rendered":"","protected":false},"author":2,"featured_media":0,"parent":0,"menu_order":0,"comment_status":"closed","ping_status":"closed","template":"","meta":{"_acf_changed":false,"footnotes":""},"class_list":["post-996","page","type-page","status-publish","hentry"],"acf":[],"_links":{"self":[{"href":"https:\/\/welfare-experiences.org\/hu\/wp-json\/wp\/v2\/pages\/996","targetHints":{"allow":["GET"]}}],"collection":[{"href":"https:\/\/welfare-experiences.org\/hu\/wp-json\/wp\/v2\/pages"}],"about":[{"href":"https:\/\/welfare-experiences.org\/hu\/wp-json\/wp\/v2\/types\/page"}],"author":[{"embeddable":true,"href":"https:\/\/welfare-experiences.org\/hu\/wp-json\/wp\/v2\/users\/2"}],"replies":[{"embeddable":true,"href":"https:\/\/welfare-experiences.org\/hu\/wp-json\/wp\/v2\/comments?post=996"}],"version-history":[{"count":0,"href":"https:\/\/welfare-experiences.org\/hu\/wp-json\/wp\/v2\/pages\/996\/revisions"}],"wp:attachment":[{"href":"https:\/\/welfare-experiences.org\/hu\/wp-json\/wp\/v2\/media?parent=996"}],"curies":[{"name":"wp","href":"https:\/\/api.w.org\/{rel}","templated":true}]}}