{"id":993,"date":"2024-12-19T13:52:29","date_gmt":"2024-12-19T11:52:29","guid":{"rendered":"https:\/\/welfare-experience.org\/?page_id=993"},"modified":"2026-04-29T18:38:24","modified_gmt":"2026-04-29T15:38:24","slug":"meet-the-team","status":"publish","type":"page","link":"https:\/\/welfare-experiences.org\/hu\/meet-the-team","title":{"rendered":"Magyar csapat"},"content":{"rendered":"\n<div id=\"block_064166a442d9bb1902889b0ab767d79d\" class=\"wp-block-spacer-custom\" aria-hidden=\"true\">\n\n<style media=\"screen\">\n  #block_064166a442d9bb1902889b0ab767d79d{\n    clear: both;\n    height: 80px;\n  }\n  @media(max-width: 800px){\n    #block_064166a442d9bb1902889b0ab767d79d{\n      height: 40px;\n    }\n  }\n<\/style>\n<\/div>\n\n\n\n<div id=\"block_e84f73f7fb31a7b88b41f70540e9f845\" class=\"narrow-text-block\" aria-hidden=\"true\">\n\n  <div class=\"wrap\">\n\n    <p>Projekt\u00fcnk egy \u00f6t orsz\u00e1got \u00e1tfog\u00f3, ambici\u00f3zus kezdem\u00e9nyez\u00e9s, amely sz\u00e9les k\u00f6r\u0171 \u00e9s sokf\u00e9le szak\u00e9rtelmet ig\u00e9nyel. Ezen az oldalon bemutatjuk a magyar csapat tagjait. A nemzetk\u00f6zi r\u00e9sztvev\u0151kr\u0151l tov\u00e1bbi inform\u00e1ci\u00f3 az angol nyelv\u0171 oldalon, a \u201eMeet the team\u201d men\u00fcpont alatt \u00e9rhet\u0151 el.<\/p>\n\n  <\/div>\n\n<\/div>\n\n\n\n<div id=\"block_cb527c3a39c5d11436ea0364df6b1787\" class=\"wp-block-spacer-custom\" aria-hidden=\"true\">\n\n<style media=\"screen\">\n  #block_cb527c3a39c5d11436ea0364df6b1787{\n    clear: both;\n    height: 48px;\n  }\n  @media(max-width: 800px){\n    #block_cb527c3a39c5d11436ea0364df6b1787{\n      height: 24px;\n    }\n  }\n<\/style>\n<\/div>\n\n\n\n\n<div id=\"block_7e13eb08eab3f7941ec961f2d0ab3388\" class=\"accordion-block\">\n  <div class=\"narrow-text-block\">\n    <div class=\"wrap\">\n\n      <div class=\"accordion\">\n                          <div class=\"accordion-item open\">\n            <div class=\"accordion-header\">\n              <h2>Magyar<\/h2>\n              <img decoding=\"async\" src=\"https:\/\/welfare-experiences.org\/wp-content\/themes\/praxis\/images\/accordion-down-black.svg\" class=\"icon\" alt=\"Arrow\">\n            <\/div>\n            <div class=\"accordion-content\" style=\"display: block;\">\n                              <div class=\"team-member-content\">\n                  <div class=\"team-member-image\">\n                                          <img decoding=\"async\" src=\"https:\/\/welfare-experiences.org\/wp-content\/uploads\/Dorottya-Szikra-1.jpg\" alt=\"Profile image\">\n                                      <\/div>\n                  <div class=\"team-member-details\">\n                                          <h3>Szikra Dorottya<\/h3>\n                                                              <p class=\"member-position\">A magyarorsz\u00e1gi esettanulm\u00e1ny vezet\u0151je<\/p>\n                                                              <p class=\"member-email\"><a href=\"mailto:szikra.dorottya@tk.hu\">szikra.dorottya@tk.hu<\/a><\/p>\n                                                                                <div class=\"member-social-media\">\n                                                                                                                                  <\/div>\n                  <\/div>\n                                      <div class=\"team-member-desc\">\n                      <p>Szikra Dorottya szociol\u00f3gus, aki t\u00f6bb mint egy \u00e9vtizedig szoci\u00e1lpolitik\u00e1t \u00e9s szoci\u00e1lis munk\u00e1t tan\u00edtott az E\u00f6tv\u00f6s Tudom\u00e1nyegyetemen. 2017-ben v\u00e1ltott kutat\u00e1sra, \u00e9s az\u00f3ta a Szociol\u00f3giai Int\u00e9zet kutat\u00f3ja, amely kor\u00e1bban a Magyar Tudom\u00e1nyos Akad\u00e9mi\u00e1hoz tartozott. Mindek\u00f6zben 2019 \u00f3ta vend\u00e9gprofesszor a jelenleg B\u00e9csben m\u0171k\u00f6d\u0151 K\u00f6z\u00e9p-eur\u00f3pai Egyetem Gender Studies tansz\u00e9k\u00e9n. Dorottya 2015 \u00e9s 2020 k\u00f6z\u00f6tt az Eur\u00f3pai Szoci\u00e1lpolitikai Elemz\u0151 H\u00e1l\u00f3zat (ESPAnet) t\u00e1rseln\u00f6kek\u00e9nt tev\u00e9kenykedett. Legut\u00f3bbi kutat\u00e1sainak k\u00f6z\u00e9ppontj\u00e1ban az autokratiz\u00e1ci\u00f3, a populizmus \u00e9s a szoci\u00e1lpolitika \u00e1ll.    <\/p>\n                    <\/div>\n                                  <\/div>\n              \n                              <div class=\"team-member-content\">\n                  <div class=\"team-member-image\">\n                                          <img decoding=\"async\" src=\"https:\/\/welfare-experiences.org\/wp-content\/uploads\/Adrienn-Gyory-1.jpg\" alt=\"Profile image\">\n                                      <\/div>\n                  <div class=\"team-member-details\">\n                                          <h3>Gy\u0151ry Adrienn<\/h3>\n                                                                                  <p class=\"member-email\"><a href=\"mailto:gyory.adrienn@tk.hu\">gyory.adrienn@tk.hu<\/a><\/p>\n                                                                                <div class=\"member-social-media\">\n                                                                                                                                  <\/div>\n                  <\/div>\n                                      <div class=\"team-member-desc\">\n                      <p>Adrienn (poszt-doktori) projektkutat\u00f3 a Welfare Experiences kutat\u00e1sban. Kutat\u00e1si ter\u00fclete a t\u00e1rsadalmi befogad\u00e1s, j\u00f3l\u00e9ti ell\u00e1t\u00f3rendszerek kialakul\u00e1s\u00e1nak \u00e9s a j\u00f3l\u00e9ti attit\u0171d\u00f6k vizsg\u00e1lata innovat\u00edv kvalitat\u00edv m\u00f3dszerek alkalmaz\u00e1s\u00e1val. Jelenleg az autokratiz\u00e1l\u00f3d\u00f3 j\u00f3l\u00e9ti \u00e1llamok \u00f6sszehasonl\u00edt\u00f3 kutat\u00e1s\u00e1ban vesz r\u00e9szt. A doktori kutat\u00e1sa sor\u00e1n jelent\u0151s tapasztalatokat szerzett a r\u00e9szv\u00e9teli kutat\u00e1si m\u00f3dszertanban, melyet a Welfare experiences kutat\u00e1sban is kamatoztat a kutat\u00e1s kvalitat\u00edv r\u00e9sz\u00e9nek kialak\u00edt\u00e1s\u00e1ban \u00e9s annak a magyarorsz\u00e1gi megval\u00f3s\u00edt\u00e1s\u00e1ban a helyi civil szervezettel egy\u00fcttm\u0171k\u00f6dve.     <\/p>\n                    <\/div>\n                                  <\/div>\n              \n                              <div class=\"team-member-content\">\n                  <div class=\"team-member-image\">\n                                          <img decoding=\"async\" src=\"https:\/\/welfare-experiences.org\/wp-content\/uploads\/Zsuzsanna-Villanyi-1.jpg\" alt=\"Profile image\">\n                                      <\/div>\n                  <div class=\"team-member-details\">\n                                          <h3>Villa\u0301nyi Zsuzsanna<\/h3>\n                                                                                                                          <p class=\"member-website\"><a href=\"https:\/\/www.meosz.hu\/\" target=\"_blank\">https:\/\/www.meosz.hu\/<\/a><\/p>\n                                        <div class=\"member-social-media\">\n                                                                                                                                  <\/div>\n                  <\/div>\n                                      <div class=\"team-member-desc\">\n                      <p>Zsuzsanna a Mozg\u00e1skorl\u00e1tozottak Egyes\u00fcleteinek Orsz\u00e1gos Sz\u00f6vets\u00e9ge (MEOSZ) jog\u00e1szak\u00e9nt dolgozik Budapesten. A t\u00e1rsadalombiztos\u00edt\u00e1s keret\u00e9ben ny\u00fajtott p\u00e9nzbeli ell\u00e1t\u00e1sokkal, \u00edgy a rokkants\u00e1gi ell\u00e1t\u00e1sokkal \u00e9s az \u00e1pol\u00e1si d\u00edjjal kapcsolatos szab\u00e1lyoz\u00e1si k\u00e9rd\u00e9sekkel foglalkozik. Zsuzsanna emellett fogyat\u00e9koss\u00e1ggal \u00e9l\u0151 emberek sz\u00e1m\u00e1ra ny\u00fajt tan\u00e1csot a p\u00e9nzbeli ell\u00e1t\u00e1sokkal kapcsolatos k\u00e9rd\u00e9sekben. <\/p>\n                    <\/div>\n                                  <\/div>\n              \n                              <div class=\"team-member-content\">\n                  <div class=\"team-member-image\">\n                                          <img decoding=\"async\" src=\"https:\/\/welfare-experiences.org\/wp-content\/uploads\/Gergo-Sebo-1.jpg\" alt=\"Profile image\">\n                                      <\/div>\n                  <div class=\"team-member-details\">\n                                          <h3>Seb\u0151 Gerg\u0151<\/h3>\n                                                                                                                          <p class=\"member-website\"><a href=\"https:\/\/www.meosz.hu\/\" target=\"_blank\">https:\/\/www.meosz.hu\/<\/a><\/p>\n                                        <div class=\"member-social-media\">\n                                                                                                                                  <\/div>\n                  <\/div>\n                                      <div class=\"team-member-desc\">\n                      <p>Gerg\u0151t mindig is \u00e9rdekelte a szoci\u00e1lis ter\u00fclet. A Szegedi Tudom\u00e1nyegyetemen szociol\u00f3gi\u00e1t tanult, az\u00f3ta pedig k\u00fcl\u00f6nb\u00f6z\u0151 fogyat\u00e9kkal el\u0151ket t\u00f6m\u00f6r\u00edt\u0151 civil szervezetben dolgozott. Gerg\u0151 ifj\u00fas\u00e1gi koordin\u00e1tork\u00e9nt mentor\u00e1lt fogyat\u00e9kkal \u00e9l\u0151 fiatalokat, volt rehabilit\u00e1ci\u00f3s mentor \u00e9s foglalkoztat\u00e1si tan\u00e1csad\u00f3. Gerg\u0151 hat \u00e9ve dolgozik a MEOSZ-ban, hazai \u00e9s nemzetk\u00f6zi projektek koordin\u00e1tora, valamint egy hazai fogyat\u00e9kosok mentor\u00e1l\u00e1si programj\u00e1nak vezet\u0151je.        <\/p>\n                    <\/div>\n                                  <\/div>\n              \n                              <div class=\"team-member-content\">\n                  <div class=\"team-member-image\">\n                                          <img decoding=\"async\" src=\"https:\/\/welfare-experiences.org\/wp-content\/uploads\/KSz202308-411x500.jpg\" alt=\"Profile image\">\n                                      <\/div>\n                  <div class=\"team-member-details\">\n                                          <h3>Kramarics Szandra<\/h3>\n                                                              <p class=\"member-position\"> <\/p>\n                                                              <p class=\"member-email\"><a href=\"mailto:kramarics.szandra@tk.hu\">kramarics.szandra@tk.hu<\/a><\/p>\n                                                                                <div class=\"member-social-media\">\n                                                                                                                                  <\/div>\n                  <\/div>\n                                      <div class=\"team-member-desc\">\n                      <p>Kramarics Szandra szoci\u00e1lpolitikus, posztdoktori projektkutat\u00f3 a Welfare Experiences kutat\u00e1sban. Doktori disszert\u00e1ci\u00f3j\u00e1t a magyar csal\u00e1dpolitik\u00e1r\u00f3l \u00edrta, k\u00fcl\u00f6n\u00f6s tekintettel a demogr\u00e1fiai c\u00e9l\u00fa hitelprogramokra. Jelenlegi kutat\u00e1sai mellett leg\u00fajabb tudom\u00e1nyos \u00e9rdekl\u0151d\u00e9se a szoci\u00e1lpolitika piacosod\u00e1s\u00e1nak folyamataira ir\u00e1nyul. Tanulm\u00e1nyai \u00e9s kutat\u00e1si tev\u00e9kenys\u00e9ge sor\u00e1n jelent\u0151s tapasztalatot szerzett kvalitat\u00edv m\u00f3dszerek, k\u00fcl\u00f6n\u00f6sen az interj\u00faz\u00e1s alkalmaz\u00e1s\u00e1ban.<\/p>\n                    <\/div>\n                                  <\/div>\n              \n                          <\/div>\n          <\/div>\n                  \n      <\/div>\n      <script>\n      jQuery(document).ready( function($) {\n      $(\".accordion-header\").on(\"click\", function () {\n          const parentItem = $(this).closest(\".accordion-item\");\n          const content = parentItem.find(\".accordion-content\");\n\n          if (parentItem.hasClass(\"open\")) {\n            content.slideUp();\n            parentItem.removeClass(\"open\");\n          } else {\n            content.slideDown();\n            parentItem.addClass(\"open\");\n          }\n        });\n      });\n      <\/script>\n\n    <\/div>\n  <\/div>\n<\/div>\n\n\n\n\n<div id=\"block_cb527c3a39c5d11436ea0364df6b1787\" class=\"wp-block-spacer-custom\" aria-hidden=\"true\">\n\n<style media=\"screen\">\n  #block_cb527c3a39c5d11436ea0364df6b1787{\n    clear: both;\n    height: 48px;\n  }\n  @media(max-width: 800px){\n    #block_cb527c3a39c5d11436ea0364df6b1787{\n      height: 24px;\n    }\n  }\n<\/style>\n<\/div>\n","protected":false},"excerpt":{"rendered":"","protected":false},"author":2,"featured_media":0,"parent":0,"menu_order":0,"comment_status":"closed","ping_status":"closed","template":"","meta":{"_acf_changed":false,"footnotes":""},"class_list":["post-993","page","type-page","status-publish","hentry"],"acf":[],"_links":{"self":[{"href":"https:\/\/welfare-experiences.org\/hu\/wp-json\/wp\/v2\/pages\/993","targetHints":{"allow":["GET"]}}],"collection":[{"href":"https:\/\/welfare-experiences.org\/hu\/wp-json\/wp\/v2\/pages"}],"about":[{"href":"https:\/\/welfare-experiences.org\/hu\/wp-json\/wp\/v2\/types\/page"}],"author":[{"embeddable":true,"href":"https:\/\/welfare-experiences.org\/hu\/wp-json\/wp\/v2\/users\/2"}],"replies":[{"embeddable":true,"href":"https:\/\/welfare-experiences.org\/hu\/wp-json\/wp\/v2\/comments?post=993"}],"version-history":[{"count":0,"href":"https:\/\/welfare-experiences.org\/hu\/wp-json\/wp\/v2\/pages\/993\/revisions"}],"wp:attachment":[{"href":"https:\/\/welfare-experiences.org\/hu\/wp-json\/wp\/v2\/media?parent=993"}],"curies":[{"name":"wp","href":"https:\/\/api.w.org\/{rel}","templated":true}]}}