{"id":44,"date":"2024-12-17T12:10:21","date_gmt":"2024-12-17T10:10:21","guid":{"rendered":"https:\/\/welfare.praxis.ee\/demoleht\/"},"modified":"2025-06-06T12:59:59","modified_gmt":"2025-06-06T09:59:59","slug":"demoleht","status":"publish","type":"page","link":"https:\/\/welfare-experiences.org\/hu","title":{"rendered":"Home page"},"content":{"rendered":"\n<div id=\"block_56f0ddd9b35f21408b9f3637a79bc727\" class=\"wp-block-spacer-custom\" aria-hidden=\"true\">\n\n<style media=\"screen\">\n  #block_56f0ddd9b35f21408b9f3637a79bc727{\n    clear: both;\n    height: 80px;\n  }\n  @media(max-width: 800px){\n    #block_56f0ddd9b35f21408b9f3637a79bc727{\n      height: 40px;\n    }\n  }\n<\/style>\n<\/div>\n\n\n\n<div id=\"block_253a3ca9c627e09b9b130db1d1d155ee\" class=\"narrow-text-block\" aria-hidden=\"true\">\n\n  <div class=\"wrap\">\n\n    <p>A WelfareExperiences egy ambici\u00f3zus \u00e9s innovat\u00edv projekt, amely \u00f6t orsz\u00e1gban vizsg\u00e1lja az ell\u00e1t\u00e1st ig\u00e9nyl\u0151k tapasztalatait. A kutat\u00e1sban r\u00e9sztvev\u0151 orsz\u00e1gok az Egyes\u00fclt Kir\u00e1lys\u00e1g, \u00c9sztorsz\u00e1g, Magyarorsz\u00e1g, Norv\u00e9gia \u00e9s Spanyolorsz\u00e1g.<\/p>\n<p>A projekt az els\u0151 nemzetk\u00f6zi \u00f6sszehasonl\u00edt\u00f3 kutat\u00e1s, amely a szoci\u00e1lis ell\u00e1t\u00e1st ig\u00e9nyl\u0151k tapasztalait vizsg\u00e1lja. Azt kutatjuk, hogy milyen tapasztalatokat \u00e9lnek meg a szoci\u00e1lis ell\u00e1t\u00e1sok ig\u00e9nyl\u0151i \u00e9s ezek milyen hat\u00e1ssal vannak az ell\u00e1tottakra.\u00a0A kutat\u00e1s t\u00e1vlati c\u00e9lja, hogy az ig\u00e9nybevev\u0151k tapasztalatait figyelembe v\u00e9ve javuljon a szoci\u00e1lis ell\u00e1t\u00f3rendszer.<\/p>\n<p>A kutat\u00e1s t\u00e1vlati c\u00e9lja, hogy az ig\u00e9nybevev\u0151k tapasztalatait figyelembe v\u00e9ve javuljon a szoci\u00e1lis ell\u00e1t\u00f3rendszer.<\/p>\n<p>A kutat\u00e1s 2023-28 k\u00f6z\u00f6tt, vegyes m\u00f3dszertannal \u00e9s az ell\u00e1t\u00e1sok \u00e9rintettjeit k\u00e9pvisel\u0151 civil szervezettel egy\u00fcttm\u0171k\u00f6d\u00e9sben val\u00f3sul meg. A kutat\u00e1s tov\u00e1bbi r\u00e9szleteir\u0151l az <a href=\"https:\/\/welfare-experiences.org\/hu\/work-packages\">al\u00e1bbi oldalakon<\/a> t\u00e1j\u00e9koz\u00f3dhat.<\/p>\n<p>P\u00e1neur\u00f3pai csapatunk nyolc kutat\u00f3int\u00e9zetb\u0151l \u00e9s h\u00e9t helyi civil szervezetb\u0151l \u00e1ll. A k\u00f6vetkez\u0151 oldalakon tal\u00e1l tov\u00e1bbi r\u00e9szleteket:<\/p>\n<ul>\n<li><a href=\"https:\/\/welfare-experiences.org\/meet-the-team\">a projektben r\u00e9sztvev\u0151kr\u0151l <\/a><\/li>\n<li><a href=\"https:\/\/welfare-experiences.org\/hu\/meet-the-team\">a magyar csapatr\u00f3l<\/a><\/li>\n<\/ul>\n<p>Ha nyomon szeretn\u00e9 k\u00f6vetni a projekt\u00fcnket:<\/p>\n<ul>\n<li>itt tal\u00e1lja <a href=\"https:\/\/welfare-experiences.org\/newsroom\">az eg\u00e9sz projektet \u00e9rint\u0151 h\u00edrfolyamot<\/a> (angolul)<\/li>\n<li>a Magyarorsz\u00e1gon foly\u00f3 kutat\u00e1ssal kapcsolatos h\u00edrekr\u0151l <a href=\"https:\/\/welfare-experiences.org\/hu\/newsroom\">itt<\/a> \u00e9rtes\u00fclhet hirlev\u00e9lre feliratkoz\u00e1s r\u00e9szletei<\/li>\n<\/ul>\n<h3>A kutat\u00e1sunk c\u00e9ljai r\u00e9szletesebben: k\u00f6z\u00f6s nyilatkozat<\/h3>\n<p>A projekt legfontosabb c\u00e9ljai a k\u00f6vetkez\u0151k:<\/p>\n<p>Els\u0151k\u00e9nt: az \u00e9rintettekkel egy\u00fcttm\u0171k\u00f6d\u00e9sben kell meghozni a szoci\u00e1lpolitikai d\u00f6nt\u00e9seket\u200b. Az ell\u00e1t\u00e1sban r\u00e9szes\u00fcl\u0151 emberek saj\u00e1t jogukon a t\u00e9ma szak\u00e9rt\u0151i. Azonban jelenleg a\u00a0 kutat\u00f3k \u00e9s a d\u00f6nt\u00e9shoz\u00f3k is figyelmen k\u00edv\u00fcl hagyj\u00e1k az ig\u00e9nyl\u0151k tapasztalatait, amely olyan szakpolitik\u00e1t eredm\u00e9nyezhet, amely tov\u00e1bb nehez\u00edti az \u00e9rintettek \u00e9let\u00e9t. Az ell\u00e1t\u00e1sok ig\u00e9nybevev\u0151i sem tudnak persze mindent, \u00e9s a demokratikus kereteknek megfelel\u0151en a v\u00e1lasztott politikusoknak van jelent\u0151s szerepe \u00e9s felel\u0151ss\u00e9ge a d\u00f6nt\u00e9sek\u00e9rt. Azonban a hat\u00e9kony \u00e9s igazs\u00e1gos politika megk\u00f6veteli, hogy az ig\u00e9nyl\u0151k is r\u00e9szt vegyenek a szoci\u00e1lpolitikai v\u00e1ltoztat\u00e1sokr\u00f3l sz\u00f3l\u00f3 besz\u00e9lget\u00e9sekben. Az ig\u00e9nyl\u0151k kiz\u00e1r\u00e1sa nem tisztess\u00e9ges, \u00e9s figyelmen k\u00edv\u00fcl hagyja az ell\u00e1t\u00f3rendszerek m\u0171k\u00f6d\u00e9s\u00e9nek legjelent\u0151sebb szak\u00e9rt\u0151it.<\/p>\n<p>M\u00e1sodszor: \u00a0a j\u00f3l\u00e9ti politika t\u00fal gyakran csak a p\u00e9nz\u00fcgyi ell\u00e1t\u00e1sokra \u00f6sszpontos\u00edt, figyelmen k\u00edv\u00fcl hagyva m\u00e1s, fontos szempontokat. Eddig a legt\u00f6bb kutat\u00e1s azt vizsg\u00e1lta, hogy a j\u00f3l\u00e9ti rendszerek cs\u00f6kkentik-e a szeg\u00e9nys\u00e9get \u00e9s munk\u00e1ra \u00f6szt\u00f6nzik-e az embereket. Ezek nyilv\u00e1nval\u00f3an fontos k\u00e9rd\u00e9sek, de az ig\u00e9nyl\u0151kkel folytatott besz\u00e9lget\u00e9sekb\u0151l tudjuk, hogy m\u00e1s szempontok is sz\u00e1m\u00edtanak. Ilyen p\u00e9ld\u00e1ul, hogy az ell\u00e1t\u00e1sok m\u00e9lt\u00f3s\u00e1got ny\u00fajtanak-e, az emberek igazs\u00e1gosnak \u00e9rzik-e azokat, megb\u00e9lyegz\u0151-e az ell\u00e1t\u00e1s, \u00e9s vajon \u00a0ink\u00e1bb bizonytalans\u00e1got vagy biztons\u00e1got ny\u00fajt. \u00a0Ezek a szempontok \u00f6nmagukban is sz\u00e1m\u00edtanak, de kihatnak az emberek ment\u00e1lis eg\u00e9szs\u00e9g\u00e9re vagy a munkav\u00e1llal\u00e1ssal kapcsolatos d\u00f6nt\u00e9sekre.<\/p>\n<p>C\u00e9lunk teh\u00e1t, hogy megv\u00e1ltoztassuk a j\u00f3l\u00e9ti ell\u00e1t\u00e1sokkal, seg\u00e9lyez\u00e9ssel kapcsolatos gondolkod\u00e1sm\u00f3dot, ami a mi felfog\u00e1sunkban nem csup\u00e1n egy p\u00e9nz\u00fcgyi transzfer, hanem egy \u00f6sszetett viszony az \u00e1llam \u00e9s \u00e1llampolg\u00e1r k\u00f6z\u00f6tt,\u200b amelynek messzemen\u0151 hat\u00e1sai vannak.<\/p>\n<p>Szeretn\u00e9nk l\u00e1that\u00f3v\u00e1 tenni ezeket az \u201eig\u00e9nyl\u0151i tapasztalatokat\u201d, \u00e9s megkezdeni a tov\u00e1bbi szempontok \u00e9s t\u00e9nyek felt\u00e1r\u00e1s\u00e1t, hogy jobban meg\u00e9rts\u00fck, hogyan m\u0171k\u00f6dnek val\u00f3j\u00e1ban a j\u00f3l\u00e9ti rendszerek. A sz\u00fcks\u00e9ges v\u00e1ltoz\u00e1sok nagyobbak ann\u00e1l, mint amit a mi projekt\u00fcnk egyed\u00fcl el tud \u00e9rni &#8211; rem\u00e9nyeink szerint m\u00e1sok is csatlakoznak hozz\u00e1nk, m\u00edg v\u00e9g\u00fcl megv\u00e1ltoztatjuk a gondolkod\u00e1sm\u00f3dot, amely jobb tapasztalatokat eredm\u00e9nyez az ig\u00e9nyl\u0151k sz\u00e1m\u00e1ra.<\/p>\n<p>A <em>Welfare experiences <\/em>kutat\u00e1si projekt 3 milli\u00f3 \u20ac \u00e9rt\u00e9k\u0171 kutat\u00e1si t\u00e1mogat\u00e1sban r\u00e9szes\u00fcl az Egyes\u00fclt Kir\u00e1lys\u00e1g Kutat\u00e1si \u00e9s Innov\u00e1ci\u00f3s Garancia r\u00e9v\u00e9n miut\u00e1n az <a href=\"https:\/\/erc.europa.eu\/apply-grant\/consolidator-grant\">Eur\u00f3pai Kutat\u00e1si Tan\u00e1cs<\/a> (European Research Council &#8211; ERC) p\u00e1ly\u00e1zat\u00e1n kiv\u00e1lasztotta.<\/p>\n\n  <\/div>\n\n<\/div>\n\n\n\n<div id=\"block_dcccba3fa889f4cab95e954b9aff6b31\" class=\"wp-block-spacer-custom\" aria-hidden=\"true\">\n\n<style media=\"screen\">\n  #block_dcccba3fa889f4cab95e954b9aff6b31{\n    clear: both;\n    height: 48px;\n  }\n  @media(max-width: 800px){\n    #block_dcccba3fa889f4cab95e954b9aff6b31{\n      height: 24px;\n    }\n  }\n<\/style>\n<\/div>\n","protected":false},"excerpt":{"rendered":"","protected":false},"author":1,"featured_media":0,"parent":0,"menu_order":0,"comment_status":"closed","ping_status":"closed","template":"","meta":{"_acf_changed":false,"footnotes":""},"class_list":["post-44","page","type-page","status-publish","hentry"],"acf":[],"_links":{"self":[{"href":"https:\/\/welfare-experiences.org\/hu\/wp-json\/wp\/v2\/pages\/44","targetHints":{"allow":["GET"]}}],"collection":[{"href":"https:\/\/welfare-experiences.org\/hu\/wp-json\/wp\/v2\/pages"}],"about":[{"href":"https:\/\/welfare-experiences.org\/hu\/wp-json\/wp\/v2\/types\/page"}],"author":[{"embeddable":true,"href":"https:\/\/welfare-experiences.org\/hu\/wp-json\/wp\/v2\/users\/1"}],"replies":[{"embeddable":true,"href":"https:\/\/welfare-experiences.org\/hu\/wp-json\/wp\/v2\/comments?post=44"}],"version-history":[{"count":0,"href":"https:\/\/welfare-experiences.org\/hu\/wp-json\/wp\/v2\/pages\/44\/revisions"}],"wp:attachment":[{"href":"https:\/\/welfare-experiences.org\/hu\/wp-json\/wp\/v2\/media?parent=44"}],"curies":[{"name":"wp","href":"https:\/\/api.w.org\/{rel}","templated":true}]}}