{"id":982,"date":"2024-12-19T13:52:29","date_gmt":"2024-12-19T11:52:29","guid":{"rendered":"https:\/\/welfare-experience.org\/?page_id=982"},"modified":"2025-07-16T15:12:40","modified_gmt":"2025-07-16T12:12:40","slug":"meet-the-team","status":"publish","type":"page","link":"https:\/\/welfare-experiences.org\/et\/meet-the-team","title":{"rendered":"Tutvu tiimiga"},"content":{"rendered":"\n<div id=\"block_f48b495a0cc86d65ee435334ddd62636\" class=\"wp-block-spacer-custom\" aria-hidden=\"true\">\n\n<style media=\"screen\">\n  #block_f48b495a0cc86d65ee435334ddd62636{\n    clear: both;\n    height: 80px;\n  }\n  @media(max-width: 800px){\n    #block_f48b495a0cc86d65ee435334ddd62636{\n      height: 40px;\n    }\n  }\n<\/style>\n<\/div>\n\n\n\n<div id=\"block_9487a9e679a5619f941e7997f380a069\" class=\"narrow-text-block\" aria-hidden=\"true\">\n\n  <div class=\"wrap\">\n\n    <p class=\"p1\">Welfare Experiences projekt h\u00f5lmab viit riiki. Meie projektimeeskonda kuuluvad\u00a0 erinevate valdkondade eksperdid.\u00a0 Allpool tutvustame Eesti meeskonnaliikmeid. Projekti\u00a0 <a href=\"https:\/\/welfare-experiences.org\/meet-the-team\">k\u00f5ikide liikmetega<\/a> saab tutvuda\u00a0 inglisekeelsel veebilehel.<\/p>\n\n  <\/div>\n\n<\/div>\n\n\n\n<div id=\"block_cfdadfba6662b472b8964974f6cc4d36\" class=\"wp-block-spacer-custom\" aria-hidden=\"true\">\n\n<style media=\"screen\">\n  #block_cfdadfba6662b472b8964974f6cc4d36{\n    clear: both;\n    height: 48px;\n  }\n  @media(max-width: 800px){\n    #block_cfdadfba6662b472b8964974f6cc4d36{\n      height: 24px;\n    }\n  }\n<\/style>\n<\/div>\n\n\n\n\n<div id=\"block_50205ec881f304e5b7bd79f6e6bdb992\" class=\"accordion-block\">\n  <div class=\"narrow-text-block\">\n    <div class=\"wrap\">\n\n      <div class=\"accordion\">\n                          <div class=\"accordion-item open\">\n            <div class=\"accordion-header\">\n              <h2>Eesti<\/h2>\n              <img decoding=\"async\" src=\"https:\/\/welfare-experiences.org\/wp-content\/themes\/praxis\/images\/accordion-down-black.svg\" class=\"icon\" alt=\"Arrow\">\n            <\/div>\n            <div class=\"accordion-content\" style=\"display: block;\">\n                              <div class=\"team-member-content\">\n                  <div class=\"team-member-image\">\n                                          <img decoding=\"async\" src=\"https:\/\/welfare-experiences.org\/wp-content\/uploads\/Triin-Lauri-1.jpg\" alt=\"Profile image\">\n                                      <\/div>\n                  <div class=\"team-member-details\">\n                                          <h3>Triin Lauri<\/h3>\n                                                              <p class=\"member-position\">Eesti juhtumiuuringu juht<\/p>\n                                                              <p class=\"member-email\"><a href=\"mailto:triin.lauri@tlu.ee\">triin.lauri@tlu.ee<\/a><\/p>\n                                                                                  <p class=\"member-website\"><a href=\"https:\/\/www.tlu.ee\/en\/node\/106560\" target=\"_blank\">https:\/\/www.tlu.ee\/en\/node\/106560<\/a><\/p>\n                                        <div class=\"member-social-media\">\n                                              <a href=\"https:\/\/bsky.app\/profile\/triinlauri.bsky.social\" target=\"_blank\">\n                          <img decoding=\"async\" src=\"https:\/\/welfare-experiences.org\/wp-content\/themes\/praxis\/images\/bluesky.svg\" alt=\"Bluesky\">\n                        <\/a>\n                                                                                                                <a href=\"https:\/\/x.com\/TriinLauri\" target=\"_blank\">\n                          <img decoding=\"async\" src=\"https:\/\/welfare-experiences.org\/wp-content\/themes\/praxis\/images\/x.svg\" alt=\"X\">\n                        <\/a>\n                                                                <\/div>\n                  <\/div>\n                                      <div class=\"team-member-desc\">\n                      <p>Triin Lauri on Tallinna \u00dclikooli \u00fchiskonnateaduste instituudi avaliku poliitika dotsent. Heaolupoliitikad on Triinu teadust\u00f6\u00f6 fookuses olnud kogu tema akadeemilise karj\u00e4\u00e4ri jooksul, olles eelk\u00f5ige huvitunud v\u00f5rdleva sotsiaalpoliitika ja haridusliku ebav\u00f5rdsuse teemadest. Viimasel ajal on Triin keskendunud ka heaolupoliitikate kujundamisele ning uskumuste ja arusaamade rollile selles.  \r\n\r\nSee h\u00f5lmab ka poliitika elluviimise ja ellu viijate  rolli uurimist meie igap\u00e4evaste kogemuste kujundamisel ning seel\u00e4bi kujundatud \u00f5iglusarusaamu, veendumusi ja poliitilisi eelistusi.<\/p>\n                    <\/div>\n                                  <\/div>\n              \n                              <div class=\"team-member-content\">\n                  <div class=\"team-member-image\">\n                                          <img decoding=\"async\" src=\"https:\/\/welfare-experiences.org\/wp-content\/uploads\/Katre-Pall-1.jpg\" alt=\"Profile image\">\n                                      <\/div>\n                  <div class=\"team-member-details\">\n                                          <h3>Katre Pall<\/h3>\n                                                              <p class=\"member-position\">Neljanda t\u00f6\u00f6paketi juht (m\u00f5ju ja kommunikatsioon)<\/p>\n                                                              <p class=\"member-email\"><a href=\"mailto:katre.pall@praxis.ee\">katre.pall@praxis.ee<\/a><\/p>\n                                                                                  <p class=\"member-website\"><a href=\"www.praxis.ee\" target=\"_blank\">www.praxis.ee<\/a><\/p>\n                                        <div class=\"member-social-media\">\n                                                                                                                                  <\/div>\n                  <\/div>\n                                      <div class=\"team-member-desc\">\n                      <p>Katre on M\u00f5ttekoja Praxis t\u00f6\u00f6- ja sotsiaalpoliitika anal\u00fc\u00fctik. Tal on pikaajaline kogemus sotsiaalkindlustuse valdkonna poliitika kujundamisel. Ta on selle valdkonnas algatanud ja ellu viinud olulisi reforme. Samuti on ta osalenud erinevates sotsiaalhoolekande projektides, sealhulgas eakate teenuste arendamises ning tervishoiu- ja sotsiaalteenuste integreerimises. Katre on Rahvusvahelise Vanemapuhkuste V\u00f5rgustiku liige (International Network of Leave Policies and Research). <\/p>\n                    <\/div>\n                                  <\/div>\n              \n                              <div class=\"team-member-content\">\n                  <div class=\"team-member-image\">\n                                          <img decoding=\"async\" src=\"https:\/\/welfare-experiences.org\/wp-content\/uploads\/Tauno-Asuja-1.jpg\" alt=\"Profile image\">\n                                      <\/div>\n                  <div class=\"team-member-details\">\n                                          <h3>Tauno Asuja<\/h3>\n                                                              <p class=\"member-position\">Eesti Puuetega Inimeste Koja projektijuht <\/p>\n                                                              <p class=\"member-email\"><a href=\"mailto:tauno.asuja@epikoda.ee\">tauno.asuja@epikoda.ee<\/a><\/p>\n                                                                                  <p class=\"member-website\"><a href=\"https:\/\/www.epikoda.ee\" target=\"_blank\">https:\/\/www.epikoda.ee<\/a><\/p>\n                                        <div class=\"member-social-media\">\n                                                                                                                                  <\/div>\n                  <\/div>\n                                      <div class=\"team-member-desc\">\n                      <p>Tauno t\u00f6\u00f6alane teekond on kestnud enam kui kaks aastak\u00fcmmet ning see on p\u00fchendatud mittetulundus\u00fchingutele, keskendudes puuetega inimeste \u00f5iguste eest seismisele. Tema hariduslik taust on sotsiaalt\u00f6\u00f6 valdkonnast, samuti teabe ja teadmiste juhtimisest. Tauno mitmekesine teadmiste pagas aitab tal p\u00fchenduda positiivsete muutuste ja kaasamise edendamisele. <\/p>\n                    <\/div>\n                                  <\/div>\n              \n                              <div class=\"team-member-content\">\n                  <div class=\"team-member-image\">\n                                          <img decoding=\"async\" src=\"https:\/\/welfare-experiences.org\/wp-content\/uploads\/Erle-Rikmann-332x500.jpeg\" alt=\"Profile image\">\n                                      <\/div>\n                  <div class=\"team-member-details\">\n                                          <h3>Erle Rikmann<\/h3>\n                                                              <p class=\"member-position\">Teadlane, t\u00f6\u00f6pakett 2 l\u00e4biviija <\/p>\n                                                              <p class=\"member-email\"><a href=\"mailto:erle.rikmann@tlu.ee\">erle.rikmann@tlu.ee<\/a><\/p>\n                                                                                <div class=\"member-social-media\">\n                                                                                                                                  <\/div>\n                  <\/div>\n                                      <div class=\"team-member-desc\">\n                      <p>Erle on kaitsnud doktorikraadi sotsioloogias Helsingi \u00dclikoolis, Soomes. Ta on t\u00f6\u00f6tanud teadlasena mitmes \u00fclikoolis Eestis ja Soomes, uurides teemasid nagu sotsiaalne muutus Ida-Euroopas, kodanikuaktiivsus ja mittetulundus\u00fchingud, migratsioon ja hargmaised sotsiaalv\u00f5rgustikud, ning sotsiaalsed probleemid Eestis. Alates 2017. aastast on Erle peamiselt t\u00f6\u00f6tanud avalikus sektoris, kus tema t\u00f6\u00f6\u00fclesanded on olnud seotud riigile vajalike teadusuuringute ja teadusprogrammide algatamise ja l\u00e4biviimisega. Uuringus HeaoluKogemused on Erle t\u00f6\u00f6ks Eesti kvalitatiivse digitaal-etnograafilise osauuringu l\u00e4bi viimine.<\/p>\n                    <\/div>\n                                  <\/div>\n              \n                          <\/div>\n          <\/div>\n                  \n      <\/div>\n      <script>\n      jQuery(document).ready( function($) {\n      $(\".accordion-header\").on(\"click\", function () {\n          const parentItem = $(this).closest(\".accordion-item\");\n          const content = parentItem.find(\".accordion-content\");\n\n          if (parentItem.hasClass(\"open\")) {\n            content.slideUp();\n            parentItem.removeClass(\"open\");\n          } else {\n            content.slideDown();\n            parentItem.addClass(\"open\");\n          }\n        });\n      });\n      <\/script>\n\n    <\/div>\n  <\/div>\n<\/div>\n\n\n\n\n<div id=\"block_cfdadfba6662b472b8964974f6cc4d36\" class=\"wp-block-spacer-custom\" aria-hidden=\"true\">\n\n<style media=\"screen\">\n  #block_cfdadfba6662b472b8964974f6cc4d36{\n    clear: both;\n    height: 48px;\n  }\n  @media(max-width: 800px){\n    #block_cfdadfba6662b472b8964974f6cc4d36{\n      height: 24px;\n    }\n  }\n<\/style>\n<\/div>\n","protected":false},"excerpt":{"rendered":"","protected":false},"author":2,"featured_media":0,"parent":0,"menu_order":0,"comment_status":"closed","ping_status":"closed","template":"","meta":{"_acf_changed":false,"footnotes":""},"class_list":["post-982","page","type-page","status-publish","hentry"],"acf":[],"_links":{"self":[{"href":"https:\/\/welfare-experiences.org\/et\/wp-json\/wp\/v2\/pages\/982","targetHints":{"allow":["GET"]}}],"collection":[{"href":"https:\/\/welfare-experiences.org\/et\/wp-json\/wp\/v2\/pages"}],"about":[{"href":"https:\/\/welfare-experiences.org\/et\/wp-json\/wp\/v2\/types\/page"}],"author":[{"embeddable":true,"href":"https:\/\/welfare-experiences.org\/et\/wp-json\/wp\/v2\/users\/2"}],"replies":[{"embeddable":true,"href":"https:\/\/welfare-experiences.org\/et\/wp-json\/wp\/v2\/comments?post=982"}],"version-history":[{"count":0,"href":"https:\/\/welfare-experiences.org\/et\/wp-json\/wp\/v2\/pages\/982\/revisions"}],"wp:attachment":[{"href":"https:\/\/welfare-experiences.org\/et\/wp-json\/wp\/v2\/media?parent=982"}],"curies":[{"name":"wp","href":"https:\/\/api.w.org\/{rel}","templated":true}]}}