{"id":43,"date":"2024-12-17T12:10:21","date_gmt":"2024-12-17T10:10:21","guid":{"rendered":"https:\/\/welfare.praxis.ee\/demoleht\/"},"modified":"2025-05-30T16:47:33","modified_gmt":"2025-05-30T13:47:33","slug":"demoleht","status":"publish","type":"page","link":"https:\/\/welfare-experiences.org\/et","title":{"rendered":"Home page"},"content":{"rendered":"\n<div id=\"block_05da40ec77495e3f9b2eb5fb5195133d\" class=\"wp-block-spacer-custom\" aria-hidden=\"true\">\n\n<style media=\"screen\">\n  #block_05da40ec77495e3f9b2eb5fb5195133d{\n    clear: both;\n    height: 80px;\n  }\n  @media(max-width: 800px){\n    #block_05da40ec77495e3f9b2eb5fb5195133d{\n      height: 40px;\n    }\n  }\n<\/style>\n<\/div>\n\n\n\n<div id=\"block_aa4b614dffef1473b3a3ff13c6d1e2c3\" class=\"narrow-text-block\" aria-hidden=\"true\">\n\n  <div class=\"wrap\">\n\n    <p><i><span data-contrast=\"auto\">Welfare Experiences<\/span><\/i><span data-contrast=\"auto\"> (heaolukogemused ) on uuenduslik projekt, mis keskendub\u00a0 sotsiaaltoetuste saajate\u00a0 kogemustele viies riigis: Eestis, Ungaris, Norras, Hispaanias ja \u00dchendkuningriigis.<\/span><\/p>\n<p><span data-contrast=\"auto\">Projekt anal\u00fc\u00fcsib h\u00fcvitiste saajate kogemusi eesm\u00e4rgiga parandada heaolupoliitikate toimimist.\u00a0 See on \u00fcks esimesi projekte, kus poliitika disaini asemel on t\u00e4helepanu all hoopis h\u00fcvitiste saajate kogemused ning see,\u00a0 kuidas poliitika kujundus neid kogemusi\u00a0 vormib ning millised on nende m\u00f5jud erinevat t\u00fc\u00fcpi heaoluriikides,\u00a0 (vt allpool \u201eMeie t\u00f6\u00f6 eesm\u00e4rgid\u201d).<\/span><\/p>\n<p><span data-contrast=\"auto\">Projekt kestab aastatel 2023-2028 ja selles kasutame kombineeritud meetodeid ja koosloomet. Metoodika kohta saab l\u00e4hemalt lugeda\u00a0 <a href=\"https:\/\/welfare-experiences.org\/et\/work-packages\">t\u00f6\u00f6pakettide<\/a>\u00a0lehel.\u00a0<\/span><\/p>\n<p><span class=\"NormalTextRun SCXW116361157 BCX8\">Meie <\/span><span class=\"NormalTextRun SpellingErrorV2Themed SCXW116361157 BCX8\">\u00fcle<\/span><span class=\"NormalTextRun SpellingErrorV2Themed SCXW116361157 BCX8\">&#8211;<\/span><span class=\"NormalTextRun SpellingErrorV2Themed SCXW116361157 BCX8\">euroopalises<\/span> <span class=\"NormalTextRun SCXW116361157 BCX8\">projektitiimis <\/span><span class=\"NormalTextRun SCXW116361157 BCX8\">on kaheksa erinevat teadusorganisatsiooni ja seitse <\/span><span class=\"NormalTextRun SCXW116361157 BCX8\">huvikaitse<\/span> <span class=\"NormalTextRun SCXW116361157 BCX8\">organisatsiooni, <\/span><span class=\"NormalTextRun SCXW116361157 BCX8\">ke<\/span><span class=\"NormalTextRun SCXW116361157 BCX8\">s t\u00f6\u00f6tavad inimestega, kellel on <\/span><span class=\"NormalTextRun SCXW116361157 BCX8\">h\u00fcvitiste <\/span><span class=\"NormalTextRun SCXW116361157 BCX8\">saamise<\/span><span class=\"NormalTextRun SCXW116361157 BCX8\"> kogemused<\/span><span class=\"NormalTextRun SCXW116361157 BCX8\">. <\/span><span class=\"NormalTextRun SCXW116361157 BCX8\">Lisainfo <\/span><span class=\"NormalTextRun SCXW116361157 BCX8\">projekti<\/span><span class=\"NormalTextRun SCXW116361157 BCX8\">tiimi kohta<\/span><span class=\"NormalTextRun SCXW116361157 BCX8\"> on leitav <a href=\"https:\/\/welfare-experiences.org\/meet-the-team\">siit<\/a>.\u00a0<\/span><\/p>\n<p><span class=\"TextRun SCXW12641515 BCX8\" lang=\"ET-EE\" xml:lang=\"ET-EE\" data-contrast=\"auto\"><span class=\"NormalTextRun SCXW12641515 BCX8\">Projekti <\/span><\/span><span class=\"TextRun SCXW12641515 BCX8\" lang=\"ET-EE\" xml:lang=\"ET-EE\" data-contrast=\"auto\"><span class=\"NormalTextRun SpellingErrorV2Themed SCXW12641515 BCX8\">Welfare<\/span> <span class=\"NormalTextRun SpellingErrorV2Themed SCXW12641515 BCX8\">Experiences<\/span><\/span><span class=\"TextRun SCXW12641515 BCX8\" lang=\"ET-EE\" xml:lang=\"ET-EE\" data-contrast=\"auto\"><span class=\"NormalTextRun SCXW12641515 BCX8\"> rahastatakse 3 miljoni euroga \u00dchendkuningriikide teadusuuringute ja innovatsiooni grandist [EP\/Y024621\/1], mille valis v\u00e4lja <a href=\"https:\/\/erc.europa.eu\/homepage\">Euroopa Teadusn\u00f5ukogu<\/a><\/span><\/span><span class=\"TextRun SCXW12641515 BCX8\" lang=\"ET-EE\" xml:lang=\"ET-EE\" data-contrast=\"auto\"><span class=\"NormalTextRun SCXW12641515 BCX8\">.<\/span><\/span><span class=\"EOP SCXW12641515 BCX8\" data-ccp-props=\"{}\">\u00a0<\/span><\/p>\n<h3><span class=\"TextRun SCXW165343698 BCX8\" lang=\"ET-EE\" xml:lang=\"ET-EE\" data-contrast=\"auto\"><span class=\"NormalTextRun SCXW165343698 BCX8\">M<\/span><span class=\"NormalTextRun SCXW165343698 BCX8\">eie <\/span><span class=\"NormalTextRun SCXW165343698 BCX8\">eesm\u00e4r<\/span><span class=\"NormalTextRun SCXW165343698 BCX8\">gid:\u00a0<\/span> <span class=\"NormalTextRun SpellingErrorV2Themed SCXW165343698 BCX8\">WelfareExperiences<\/span> <span class=\"NormalTextRun SCXW165343698 BCX8\">\u00fchisavaldus<\/span><\/span><span class=\"EOP SCXW165343698 BCX8\" data-ccp-props=\"{}\">\u00a0<\/span><\/h3>\n<p><span data-contrast=\"auto\">Projektis l\u00e4htutakse kahest olulisest p\u00f5him\u00f5ttest.\u00a0<\/span><span data-ccp-props=\"{}\">\u00a0<\/span><\/p>\n<p><span data-contrast=\"auto\">Esiteks,\u00a0 <\/span><b><span data-contrast=\"auto\">heaolupoliitikate kujundamisel tuleb teha koost\u00f6\u00f6d toetusi v\u00f5i h\u00fcvitisi saavate inimestega<\/span><\/b><span data-contrast=\"auto\">, kes t\u00e4nu oma kogemusele annavad olulise panuse poliitikate paremaks muutmisel. Liiga sageli ignoreerivad teadlased ja poliitikakujundajad heaolupoliitikate ettepanekuid tehes taotlejate ootusi. See v\u00f5ib viia l\u00e4bikukkunud poliitikani, muutes taotlejate elu hoopis halvemaks. H\u00fcvitiste taotlejad ei tea alati k\u00f5iki oma \u00f5igusi ja demokraatlik protsess eeldab, et juhtrolli v\u00f5tavad valitud poliitikud.\u00a0 \u00d5iglane ja t\u00f5hus poliitika n\u00f5uab, et ka h\u00fcvitiste saajad osaleksid aruteludes poliitikamuudatuste \u00fcle.\u00a0 H\u00fcvitiste saajate v\u00e4ljaj\u00e4tmine ja nende ignoreerimine poliitika kujundamisel on eba\u00f5iglane, kuna tegemist ongi\u00a0 s\u00fcsteemi toimimise ekspertidega.\u00a0\u00a0\u00a0<\/span><span data-ccp-props=\"{}\">\u00a0<\/span><\/p>\n<p><span data-contrast=\"auto\">Teiseks <\/span><b><span data-contrast=\"auto\">keskendub poliitikakujundamine liiga sageli ainult rahalistele stiimulitele ja ignoreerib muid olulisi tahke<\/span><\/b><span data-contrast=\"auto\">. Suures osas uuringutes otsitakse vastust sellele, kas sotsiaalkaitse s\u00fcsteemid v\u00e4hendavad vaesust ja julgustavad inimesi t\u00f6\u00f6le asuma. See on oluline fookus, kuid taotlejatega suhtlemisest teame, et olulised on ka muud aspektid: kas h\u00fcvitised pakuvad v\u00e4\u00e4rikust, turvalisust ja kas inimesed tunnevad end taotlemise protsessis \u00f5iglaselt kohelduna v\u00f5i tunnevad nad end\u00a0 stigmatiseerituna, ebakindlana ja eba\u00f5iglaselt kohelduna. Need\u00a0\u00a0 kogemused\u00a0 m\u00f5jutavad mitmeid aspekte alates inimeste vaimsest tervisest kuni t\u00f6\u00f6tamise otsusteni.<\/span><\/p>\n<p><span data-contrast=\"auto\">Sotsiaaltoetuse k\u00e4sitlus vajab m\u00f5tteviisi muutust &#8211; h\u00fcvitis v\u00f5i toetus ei ole pelgalt rahaline \u00fclekanne, vaid kodaniku ja riigi vaheline\u00a0 suhe, mille (mitte)toimimisel v\u00f5ib olla kaugeleulatuv m\u00f5ju.<\/span><\/p>\n<p><span data-contrast=\"auto\">Soovime\u00a0 toetuste saajate kogemused n\u00e4htavaks teha ja alustada neil p\u00f5hineva t\u00f5endusbaasi loomist, et m\u00f5istaksime paremini, kuidas heaolus\u00fcsteemid tegelikult t\u00f6\u00f6tavad. Vajalikud muudatused on m\u00f5istagi suuremad, kui meie projekt \u00fcksi suudab saavutada. Seet\u00f5ttu loodame, et meiega \u00fchinevad ka teised osapooled, mis aitaks muuta\u00a0 m\u00f5tteviise ja luua paremaid kogemusi toetuste taotlejatele.<\/span><\/p>\n\n  <\/div>\n\n<\/div>\n\n\n\n<div id=\"block_1f5baace022bfd6509de6c4b9e68901d\" class=\"wp-block-spacer-custom\" aria-hidden=\"true\">\n\n<style media=\"screen\">\n  #block_1f5baace022bfd6509de6c4b9e68901d{\n    clear: both;\n    height: 48px;\n  }\n  @media(max-width: 800px){\n    #block_1f5baace022bfd6509de6c4b9e68901d{\n      height: 24px;\n    }\n  }\n<\/style>\n<\/div>\n","protected":false},"excerpt":{"rendered":"","protected":false},"author":1,"featured_media":0,"parent":0,"menu_order":0,"comment_status":"closed","ping_status":"closed","template":"","meta":{"_acf_changed":false,"footnotes":""},"class_list":["post-43","page","type-page","status-publish","hentry"],"acf":[],"_links":{"self":[{"href":"https:\/\/welfare-experiences.org\/et\/wp-json\/wp\/v2\/pages\/43","targetHints":{"allow":["GET"]}}],"collection":[{"href":"https:\/\/welfare-experiences.org\/et\/wp-json\/wp\/v2\/pages"}],"about":[{"href":"https:\/\/welfare-experiences.org\/et\/wp-json\/wp\/v2\/types\/page"}],"author":[{"embeddable":true,"href":"https:\/\/welfare-experiences.org\/et\/wp-json\/wp\/v2\/users\/1"}],"replies":[{"embeddable":true,"href":"https:\/\/welfare-experiences.org\/et\/wp-json\/wp\/v2\/comments?post=43"}],"version-history":[{"count":0,"href":"https:\/\/welfare-experiences.org\/et\/wp-json\/wp\/v2\/pages\/43\/revisions"}],"wp:attachment":[{"href":"https:\/\/welfare-experiences.org\/et\/wp-json\/wp\/v2\/media?parent=43"}],"curies":[{"name":"wp","href":"https:\/\/api.w.org\/{rel}","templated":true}]}}