{"id":1011,"date":"2024-12-19T13:51:51","date_gmt":"2024-12-19T11:51:51","guid":{"rendered":"https:\/\/welfare-experience.org\/?page_id=1011"},"modified":"2025-05-30T16:50:19","modified_gmt":"2025-05-30T13:50:19","slug":"work-packages","status":"publish","type":"page","link":"https:\/\/welfare-experiences.org\/et\/work-packages","title":{"rendered":"T\u00f6\u00f6paketid"},"content":{"rendered":"\n<div id=\"block_74844408f21293d98a1733088e504b98\" class=\"wp-block-spacer-custom\" aria-hidden=\"true\">\n\n<style media=\"screen\">\n  #block_74844408f21293d98a1733088e504b98{\n    clear: both;\n    height: 40px;\n  }\n  @media(max-width: 800px){\n    #block_74844408f21293d98a1733088e504b98{\n      height: 20px;\n    }\n  }\n<\/style>\n<\/div>\n\n\n\n<div id=\"block_0d8d90f54a172ddaf8c0e84feaa447b7\" class=\"narrow-text-block\" aria-hidden=\"true\">\n\n  <div class=\"wrap\">\n\n    <h3><span class=\"TextRun SCXW221896220 BCX8\" lang=\"ET-EE\" xml:lang=\"ET-EE\" data-contrast=\"none\"><span class=\"NormalTextRun SCXW221896220 BCX8\">Kuidas me <\/span><span class=\"NormalTextRun SCXW221896220 BCX8\">v\u00f5rdleme<\/span><span class=\"NormalTextRun SCXW221896220 BCX8\"> rahvusvahelis<\/span><span class=\"NormalTextRun SCXW221896220 BCX8\">elt h\u00fcvitiste saajate kogemusi <\/span><\/span><span class=\"EOP SCXW221896220 BCX8\" data-ccp-props=\"{}\">\u00a0<\/span><\/h3>\n<p><span data-contrast=\"none\">K\u00e4esoleva projektiga soovime me muuta seda, kuidas v\u00f5rreldakse sotsiaalkaitse s\u00fcsteeme. T\u00e4nase seisuga keskenduvad enamus uuringuid sellele, kuidas v\u00e4hendavad sotsiaalse kaitse s\u00fcsteemid vaesust ja motiveerivad t\u00f6\u00f6le asumist. Need on olulised aspektid, kuid vestlustest h\u00fcvitiste saajatega on teada, et ka muud elemendid on olulised. M\u00f5ned s\u00fcsteemid v\u00f5ivad pakkuda v\u00e4\u00e4rikust, turvatunnet ja tunduda \u00f5iglased; teised v\u00f5ivad j\u00e4tta inimesed h\u00e4bim\u00e4rgistatuks, ebakindlaks ja eba\u00f5iglaselt koheldud tundega. Need on olulised kogemused ja otsustava t\u00e4htsusega, et m\u00f5ista sotsiaalkaitse m\u00f5ju tervisele ja t\u00f6\u00f6le asumisele.\u00a0\u00a0<\/span><span data-ccp-props=\"{}\">\u00a0<\/span><\/p>\n<p><b><span data-contrast=\"none\">Viie riigi (Eesti, Ungari, Norra, Hispaania ja \u00dchendkuningriik) v\u00f5rdluse kaudu teeme \u00fche esimestest rahvusvahelistest h\u00fcvitise saajate kogemuste uuringu, mis k\u00e4sitleb v\u00e4\u00e4rikust, turvalisust ja \u00f5iglust<\/span><\/b><span data-contrast=\"none\">.\u00a0<\/span><span data-ccp-props=\"{}\">\u00a0<\/span><\/p>\n<p><span data-ccp-props=\"{}\">\u00a0<\/span><span data-contrast=\"none\">Projekt aitab m\u00f5ista kuidas h\u00fcvitiste saajate kogemused m\u00f5jutavad vaimset tervist ja t\u00f6\u00f6tamist ning kuidas poliitika omakorda neid kogemusi m\u00f5juta. Projekt aitab edendada akadeemilisi teadmisi ning tagada h\u00fcvitiste saajatele paremad kogemused.\u00a0\u00a0<\/span><\/p>\n<p><b><span data-contrast=\"none\">Meie eesm\u00e4rgid:<\/span><\/b><span data-ccp-props=\"{}\">\u00a0<\/span><\/p>\n<ol>\n<li data-leveltext=\"%1.\" data-font=\"\" data-listid=\"12\" data-list-defn-props=\"{&quot;335552541&quot;:0,&quot;335559685&quot;:720,&quot;335559991&quot;:360,&quot;469769242&quot;:[65533,0],&quot;469777803&quot;:&quot;left&quot;,&quot;469777804&quot;:&quot;%1.&quot;,&quot;469777815&quot;:&quot;hybridMultilevel&quot;}\" aria-setsize=\"-1\" data-aria-posinset=\"1\" data-aria-level=\"1\"><span data-contrast=\"none\">Anal\u00fc\u00fcsida h\u00fcvitiste saajate kogemusi \u2013 millised kogemused ja mis aspektid on h\u00fcvitisi taotlevatele inimestele t\u00f5eliselt olulised.<\/span><span data-ccp-props=\"{}\">\u00a0<\/span><\/li>\n<li data-leveltext=\"%1.\" data-font=\"\" data-listid=\"12\" data-list-defn-props=\"{&quot;335552541&quot;:0,&quot;335559685&quot;:720,&quot;335559991&quot;:360,&quot;469769242&quot;:[65533,0],&quot;469777803&quot;:&quot;left&quot;,&quot;469777804&quot;:&quot;%1.&quot;,&quot;469777815&quot;:&quot;hybridMultilevel&quot;}\" aria-setsize=\"-1\" data-aria-posinset=\"1\" data-aria-level=\"1\"><span data-contrast=\"none\">V\u00f5rrelda h\u00fcvitiste saajate kogemusi Eestis, Ungaris, Norras, Hispaanias ja \u00dchendkuningriigis.<\/span><span data-ccp-props=\"{}\">\u00a0<\/span><\/li>\n<li data-leveltext=\"%1.\" data-font=\"\" data-listid=\"12\" data-list-defn-props=\"{&quot;335552541&quot;:0,&quot;335559685&quot;:720,&quot;335559991&quot;:360,&quot;469769242&quot;:[65533,0],&quot;469777803&quot;:&quot;left&quot;,&quot;469777804&quot;:&quot;%1.&quot;,&quot;469777815&quot;:&quot;hybridMultilevel&quot;}\" aria-setsize=\"-1\" data-aria-posinset=\"1\" data-aria-level=\"1\"><span data-contrast=\"none\">M\u00f5ista kuidas erinevad poliitikad v\u00f5ivad taotlejatele kogemusi muuta paremaks v\u00f5i halvemaks. <\/span><span data-ccp-props=\"{}\">\u00a0<\/span><\/li>\n<li data-leveltext=\"%1.\" data-font=\"\" data-listid=\"12\" data-list-defn-props=\"{&quot;335552541&quot;:0,&quot;335559685&quot;:720,&quot;335559991&quot;:360,&quot;469769242&quot;:[65533,0],&quot;469777803&quot;:&quot;left&quot;,&quot;469777804&quot;:&quot;%1.&quot;,&quot;469777815&quot;:&quot;hybridMultilevel&quot;}\" aria-setsize=\"-1\" data-aria-posinset=\"1\" data-aria-level=\"1\"><span data-contrast=\"none\">M\u00f5ista kuidas h\u00fcvitiste taotlemise kogemused v\u00f5ivad m\u00f5jutada inimeste vaimset tervist ning seda, kas nad l\u00e4hevad t\u00f6\u00f6le v\u00f5i mitte. <\/span><span data-ccp-props=\"{}\">\u00a0<\/span><\/li>\n<\/ol>\n<p><b><span data-contrast=\"none\">Peame oluliseks, et teeme uuringut koost\u00f6\u00f6s h\u00fcvitiste saajatega<\/span><\/b><span data-contrast=\"none\">. Tuginemine nende kogemustele muudab meie t\u00f6\u00f6 usaldusv\u00e4\u00e4rsemaks ja paremaks. Leiame, et selliseid uuringuid tuleks teha just sel viisil.\u00a0<\/span><span data-ccp-props=\"{}\">\u00a0<\/span><\/p>\n<p>Meil on kolm t\u00f6\u00f6suunda:\u00a0 <span data-ccp-props=\"{}\">\u00a0<\/span><\/p>\n<h3><span class=\"NormalTextRun SCXW79374287 BCX8\">T\u00f6\u00f6pakett 1: kontseptuaalne raamistik l\u00e4bi kaasproduktsiooni<\/span><\/h3>\n<p><span data-contrast=\"none\">Esimeses t\u00f6\u00f6paketis\u00a0 p\u00fc\u00fcame m\u00f5ista, kuidas inimesed tajuvad ja kogevad h\u00fcvitiste taotlemist ning \u00fchendame erinevate metoodikate abil kogutud teadmised. T\u00f6\u00f6paketi \u00fchendavaks jooneks on \u00f5igluse m\u00f5iste, kaasates h\u00fcvitiste saajate kogemused ja teadmised meie uurimist\u00f6\u00f6 kavandamise, andmete kogumisse ja anal\u00fc\u00fcsi. Kesksel kohal on h\u00fcvitiste saajaid esindavate kolmanda sektori organisatsioonide kaasamine.\u00a0\u00a0<\/span><span data-ccp-props=\"{}\">\u00a0<\/span><\/p>\n<p><span data-contrast=\"none\">T\u00f6\u00f6paketi k\u00e4ivitajaks on k\u00f5ikides riikides l\u00e4bi viidud t\u00f6\u00f6toad h\u00fcvitiste saajatega, milles\u00a0 kasutatakse mitmesuguseid meetodeid ja loomingulisi l\u00e4henemisviise. T\u00f6\u00f6tubade arutelud keskenduvad abisaajate teekonnale l\u00e4bi sotsiaalkindlustuss\u00fcsteemi, et m\u00f5ista nende kogemuste erinevaid dimensioone ning keelt, mida inimesed oma kogemuste kirjeldamiseks kasutavad.\u00a0<\/span><span data-ccp-props=\"{}\">\u00a0<\/span><\/p>\n<p><span data-contrast=\"none\">Need arutelud toimuvad samaaegselt akadeemilise kirjanduse \u00fclevaate koostamisega ning on aluseks kontseptuaalse raamistiku loomisele, mida kasutatakse t\u00f6\u00f6pakettides 2 ja 3.\u00a0<\/span><span data-ccp-props=\"{}\">\u00a0<\/span><\/p>\n<h3><span class=\"TextRun SCXW126801843 BCX8\" lang=\"ET-EE\" xml:lang=\"ET-EE\" data-contrast=\"none\"><span class=\"NormalTextRun SCXW126801843 BCX8\">T\u00f6\u00f6pakett 2: uuenduslikud kvalitatiivsed v\u00f5rdlused<\/span><\/span><span class=\"EOP SCXW126801843 BCX8\" data-ccp-props=\"{}\">\u00a0<\/span><\/h3>\n<p><span data-contrast=\"none\">Teises etapis uuritakse s\u00fcgavuti taotlejate kogemusi kasutades 1. t\u00f6\u00f6paketi j\u00e4reldusi. Esmalt viiakse l\u00e4bi traditsioonilised s\u00fcvaintervjuud<\/span><span data-ccp-props=\"{}\">\u00a0<\/span><\/p>\n<p><span data-contrast=\"none\">\u00a0h\u00fcvitiste saajatega. Seej\u00e4rel j\u00e4lgitakse inimeste kogemusi h\u00fcvitiste taotlemisega pikema aja jooksul:\u00a0<\/span><span data-ccp-props=\"{}\">\u00a0<\/span><\/p>\n<ul>\n<li><span data-contrast=\"none\">Kasutame veebirakendust, mille abil inimesed j\u00e4\u00e4dvustavad oma m\u00f5tted ja tunded suhtluses h\u00fcvitisi administreerivate asutustega (suhtlus v\u00f5ib toimuda n\u00e4ost-n\u00e4kku, telefoni teel v\u00f5i veebis).\u00a0 Kogemuse j\u00e4\u00e4dvustamine v\u00f5ib sisaldada teksti, pilti v\u00f5i helisalvestist kogetud suhtluse kohta. Inimestele, kes ei soovi kasutada veebirakendust, loome sobiva alternatiivse l\u00e4henemisviisi.\u00a0<\/span><span data-ccp-props=\"{}\">\u00a0<\/span><\/li>\n<li data-leveltext=\"\uf0b7\" data-font=\"Symbol\" data-listid=\"13\" data-list-defn-props=\"{&quot;335552541&quot;:1,&quot;335559685&quot;:720,&quot;335559991&quot;:360,&quot;469769226&quot;:&quot;Symbol&quot;,&quot;469769242&quot;:[8226],&quot;469777803&quot;:&quot;left&quot;,&quot;469777804&quot;:&quot;\uf0b7&quot;,&quot;469777815&quot;:&quot;hybridMultilevel&quot;}\" aria-setsize=\"-1\" data-aria-posinset=\"2\" data-aria-level=\"1\"><span data-contrast=\"none\">P\u00e4rast kontakti asutusega viime esimesel v\u00f5imalusel l\u00e4bi kiire intervjuu h\u00fcvitise saajaga.\u00a0<\/span><span data-ccp-props=\"{}\">\u00a0<\/span><\/li>\n<\/ul>\n<p><span data-ccp-props=\"{}\">\u00a0<\/span><span data-contrast=\"none\">Tehes seda viies riigis, saame uurida kuidas kontaktid asutustega\u00a0 kujundavad h\u00fcvitiste saajate kogemusi ning milliseid tundeid need toetuste taotlemise ja saamise protsessides esile kutsuvad (nt turvalisus, meeleheide, alandus, jms).\u00a0<\/span><span data-ccp-props=\"{}\">\u00a0<\/span><\/p>\n<h3><span class=\"TextRun SCXW170052621 BCX8\" lang=\"ET-EE\" xml:lang=\"ET-EE\" data-contrast=\"none\"><span class=\"NormalTextRun SCXW170052621 BCX8\">T\u00f6\u00f6pakett 3: kvant<\/span><span class=\"NormalTextRun SCXW170052621 BCX8\">it<\/span><span class=\"NormalTextRun SCXW170052621 BCX8\">atiiv<\/span><span class=\"NormalTextRun SCXW170052621 BCX8\">n<\/span><span class=\"NormalTextRun SCXW170052621 BCX8\">e v\u00f5rdlev anal\u00fc\u00fcs <\/span><\/span><span class=\"EOP SCXW170052621 BCX8\" data-ccp-props=\"{}\">\u00a0<\/span><\/h3>\n<p><span data-contrast=\"none\">Tuginedes t\u00f6\u00f6pakettidele 1 ja 2 t\u00f6\u00f6tame v\u00e4lja ja viime l\u00e4bi ulatusliku k\u00fcsitluse h\u00fcvitise saajate seas viies riigis.\u00a0 Uuring h\u00f5lmab esimesest t\u00f6\u00f6paketist saadud teadmiste p\u00f5hjal k\u00f5ige olulisemaid aspekte h\u00fcvitiste taotlemisel.\u00a0<\/span><span data-ccp-props=\"{}\">\u00a0<\/span><\/p>\n<p><span data-contrast=\"none\">K\u00fcsitlus viiakse l\u00e4bi kahel viisi:\u00a0<\/span><span data-ccp-props=\"{}\">\u00a0<\/span><\/p>\n<ul>\n<li><span data-contrast=\"none\">Veebik\u00fcsitlusse kaasatakse\u00a0 igas riigis suurem arv h\u00fcvitiste taotlejaid. K\u00fcsitlus v\u00f5imaldab hinnata erinevusi erinevate toetuste vahel\u00a0 riigisiseselt. Samuti v\u00f5imaldab see j\u00e4lgida samu inimesi ning koguda infot selle kohta, kuidas taotlemise tulemus m\u00f5jutab suhtumist riigi hoolekandes\u00fcsteemi.\u00a0<\/span><span data-ccp-props=\"{}\">\u00a0<\/span><\/li>\n<li data-leveltext=\"\uf0b7\" data-font=\"Symbol\" data-listid=\"14\" data-list-defn-props=\"{&quot;335552541&quot;:1,&quot;335559685&quot;:720,&quot;335559991&quot;:360,&quot;469769226&quot;:&quot;Symbol&quot;,&quot;469769242&quot;:[8226],&quot;469777803&quot;:&quot;left&quot;,&quot;469777804&quot;:&quot;\uf0b7&quot;,&quot;469777815&quot;:&quot;hybridMultilevel&quot;}\" aria-setsize=\"-1\" data-aria-posinset=\"2\" data-aria-level=\"1\"><span data-contrast=\"none\">Telefoniintervjuud h\u00fcvitiste taotlejatega, kellel ei ole ligip\u00e4\u00e4su veebik\u00fcsitlusele.\u00a0<\/span><span data-ccp-props=\"{}\">\u00a0<\/span><\/li>\n<\/ul>\n<p><span data-ccp-props=\"{}\">\u00a0<\/span><span data-contrast=\"none\">K\u00fcsitluse tulemusel v\u00f5rreldakse kuidas erinevad h\u00fcvitiste taotlemise kogemused riigiti, kuiv\u00f5rd on need seotud riigi heaolus\u00fcsteemi \u00fclesehitusega ning kuidas taotlemise protsess m\u00f5jutab inimeste vaimset tervist ja t\u00f6\u00f6le naasmise t\u00f5en\u00e4osust.\u00a0<\/span><\/p>\n<h3><span class=\"TextRun SCXW11869651 BCX8\" lang=\"ET-EE\" xml:lang=\"ET-EE\" data-contrast=\"none\"><span class=\"NormalTextRun SCXW11869651 BCX8\">Uuringute ja poliitika k\u00e4sitluse muutmine<\/span><\/span><span class=\"EOP SCXW11869651 BCX8\" data-ccp-props=\"{}\">\u00a0<\/span><\/h3>\n<p>Soovime projekti laialdaselt tutvustada ning kajastada seda arusaadaval moel erinevatele sihtgruppidele. Tulemused avaldatakse nii teaduskirjanduses kui tehakse k\u00e4ttesaadavaks poliitikakujundajatele.<\/p>\n<p>Projekti sihtgruppide hulgas on rahvusvahelised organisatsioonid, taotlejaid esindavad organisatsioonid, poliitikakujundajad ja rakendajad. Tulemusi kajastatakse seminaridel, artiklites, blogides ja \u00a0podcastides.<\/p>\n<p>Samuti soovime me tuua kokku teadlased ning h\u00fcvitiste taotlemise kogemustega inimesed, et teha taotlejate kogemused\u00a0 kuuldavaks, \u00a0arutada poliitikavalikuid ning j\u00f5uda paremate ja v\u00f5imestavamate lahendusteni.<\/p>\n\n  <\/div>\n\n<\/div>\n\n\n\n<div id=\"block_c34637f628a136afc286439bdb090529\" class=\"wp-block-spacer-custom\" aria-hidden=\"true\">\n\n<style media=\"screen\">\n  #block_c34637f628a136afc286439bdb090529{\n    clear: both;\n    height: 48px;\n  }\n  @media(max-width: 800px){\n    #block_c34637f628a136afc286439bdb090529{\n      height: 24px;\n    }\n  }\n<\/style>\n<\/div>\n","protected":false},"excerpt":{"rendered":"","protected":false},"author":2,"featured_media":0,"parent":0,"menu_order":0,"comment_status":"closed","ping_status":"closed","template":"","meta":{"_acf_changed":false,"footnotes":""},"class_list":["post-1011","page","type-page","status-publish","hentry"],"acf":[],"_links":{"self":[{"href":"https:\/\/welfare-experiences.org\/et\/wp-json\/wp\/v2\/pages\/1011","targetHints":{"allow":["GET"]}}],"collection":[{"href":"https:\/\/welfare-experiences.org\/et\/wp-json\/wp\/v2\/pages"}],"about":[{"href":"https:\/\/welfare-experiences.org\/et\/wp-json\/wp\/v2\/types\/page"}],"author":[{"embeddable":true,"href":"https:\/\/welfare-experiences.org\/et\/wp-json\/wp\/v2\/users\/2"}],"replies":[{"embeddable":true,"href":"https:\/\/welfare-experiences.org\/et\/wp-json\/wp\/v2\/comments?post=1011"}],"version-history":[{"count":0,"href":"https:\/\/welfare-experiences.org\/et\/wp-json\/wp\/v2\/pages\/1011\/revisions"}],"wp:attachment":[{"href":"https:\/\/welfare-experiences.org\/et\/wp-json\/wp\/v2\/media?parent=1011"}],"curies":[{"name":"wp","href":"https:\/\/api.w.org\/{rel}","templated":true}]}}