{"id":990,"date":"2024-12-19T13:52:29","date_gmt":"2024-12-19T11:52:29","guid":{"rendered":"https:\/\/welfare-experience.org\/?page_id=990"},"modified":"2025-11-12T19:54:22","modified_gmt":"2025-11-12T17:54:22","slug":"meet-the-team","status":"publish","type":"page","link":"https:\/\/welfare-experiences.org\/es\/meet-the-team","title":{"rendered":"Conoce al equipo"},"content":{"rendered":"\n<div id=\"block_4e9dc2c9a46a8832ddb436ae085abb29\" class=\"wp-block-spacer-custom\" aria-hidden=\"true\">\n\n<style media=\"screen\">\n  #block_4e9dc2c9a46a8832ddb436ae085abb29{\n    clear: both;\n    height: 80px;\n  }\n  @media(max-width: 800px){\n    #block_4e9dc2c9a46a8832ddb436ae085abb29{\n      height: 40px;\n    }\n  }\n<\/style>\n<\/div>\n\n\n\n<div id=\"block_cc331e99d83093f2bc9c4f0e915d3fac\" class=\"narrow-text-block\" aria-hidden=\"true\">\n\n  <div class=\"wrap\">\n\n    <p>Este es un proyecto ambicioso que involucra a cinco pa\u00edses, por lo que cuenta con un equipo grande y diverso. En esta p\u00e1gina podr\u00e1s conocer a los miembros del equipo.<\/p>\n<h3>Equipo en Espa\u00f1a<\/h3>\n\n  <\/div>\n\n<\/div>\n\n\n\n<div id=\"block_ee8dec31b66ff00ba29e8d7bc84b9a20\" class=\"wp-block-spacer-custom\" aria-hidden=\"true\">\n\n<style media=\"screen\">\n  #block_ee8dec31b66ff00ba29e8d7bc84b9a20{\n    clear: both;\n    height: 48px;\n  }\n  @media(max-width: 800px){\n    #block_ee8dec31b66ff00ba29e8d7bc84b9a20{\n      height: 24px;\n    }\n  }\n<\/style>\n<\/div>\n\n\n\n\n<div id=\"block_cec892e929613cce99ad4c987896950f\" class=\"accordion-block\">\n  <div class=\"narrow-text-block\">\n    <div class=\"wrap\">\n\n      <div class=\"accordion\">\n                          <div class=\"accordion-item open\">\n            <div class=\"accordion-header\">\n              <h2>Espa\u00f1a<\/h2>\n              <img decoding=\"async\" src=\"https:\/\/welfare-experiences.org\/wp-content\/themes\/praxis\/images\/accordion-down-black.svg\" class=\"icon\" alt=\"Arrow\">\n            <\/div>\n            <div class=\"accordion-content\" style=\"display: block;\">\n                              <div class=\"team-member-content\">\n                  <div class=\"team-member-image\">\n                                          <img decoding=\"async\" src=\"https:\/\/welfare-experiences.org\/wp-content\/uploads\/Ines-Calzada.jpg\" alt=\"Profile image\">\n                                      <\/div>\n                  <div class=\"team-member-details\">\n                                          <h3>In\u00e9s Calzada Guti\u00e9rrez<\/h3>\n                                                              <p class=\"member-position\"> Investigadora Principal, Universidad Complutense de Madrid<\/p>\n                                                              <p class=\"member-email\"><a href=\"mailto:icalzada@ucm.es\">icalzada@ucm.es<\/a><\/p>\n                                                                                <div class=\"member-social-media\">\n                                                                                                                                  <\/div>\n                  <\/div>\n                                      <div class=\"team-member-desc\">\n                      <p>Profesora contratada doctor en la Facultad de Ciencias Pol\u00edticas y Sociolog\u00eda de la Universidad Complutense de Madrid. M\u00e1ster en M\u00e9todos de Investigaci\u00f3n para las Ciencias Sociales (especialidad en Estad\u00edstica) por la London School of Economics (2005) y Doctora en Sociolog\u00eda por la Universidad de Salamanca (2008). Su l\u00ednea de investigaci\u00f3n ha girado siempre en torno al Estado del Bienestar en perspectiva comparada, con particular foco sobre las actitudes de los ciudadanos hacia las pol\u00edticas sociales y sus experiencias y vivencias con el sistema de protecci\u00f3n social.     <\/p>\n                    <\/div>\n                                  <\/div>\n              \n                              <div class=\"team-member-content\">\n                  <div class=\"team-member-image\">\n                                          <img decoding=\"async\" src=\"https:\/\/welfare-experiences.org\/wp-content\/uploads\/Maria-Gomez-Garrido.jpg\" alt=\"Profile image\">\n                                      <\/div>\n                  <div class=\"team-member-details\">\n                                          <h3>Maria Gomez Garrido<\/h3>\n                                                              <p class=\"member-position\">Profesora Titular de Sociolog\u00eda, Universidad de les Illes Balears<\/p>\n                                                              <p class=\"member-email\"><a href=\"mailto:maria.gomez@uib.es\">maria.gomez@uib.es<\/a><\/p>\n                                                                                <div class=\"member-social-media\">\n                                                                                                                                  <\/div>\n                  <\/div>\n                                      <div class=\"team-member-desc\">\n                      <p>Mar\u00eda G\u00f3mez Garrido es profesora titular de Sociolog\u00eda en la Universitat de les Illes Balears. Sus principales l\u00edneas de investigaci\u00f3n se centran en los movimientos sociales y las organizaciones de apoyo mutuo en contextos de vulnerabilidad social. Recientemente, tambi\u00e9n ha estado investigando los procesos migratorios.<\/p>\n                    <\/div>\n                                  <\/div>\n              \n                              <div class=\"team-member-content\">\n                  <div class=\"team-member-image\">\n                                          <img decoding=\"async\" src=\"https:\/\/welfare-experiences.org\/wp-content\/uploads\/Virginia-Paez-e1748246973888-500x500.jpg\" alt=\"Profile image\">\n                                      <\/div>\n                  <div class=\"team-member-details\">\n                                          <h3>Virginia P\u00e1ez Izquierdo<\/h3>\n                                                              <p class=\"member-position\">Investigadora Postdoctoral, Universidad Complutense de Madrid<\/p>\n                                                              <p class=\"member-email\"><a href=\"mailto:virpaez@ucm.es\">virpaez@ucm.es<\/a><\/p>\n                                                                                <div class=\"member-social-media\">\n                                                                                                                                  <\/div>\n                  <\/div>\n                                      <div class=\"team-member-desc\">\n                      <p>Investigadora postdoctoral en el proyecto Welfare Experiences en la Facultad de Ciencias Pol\u00edticas y Sociolog\u00eda de la Universidad Complutense de Madrid, en el departamento de Sociolog\u00eda: Metodolog\u00eda y Teor\u00eda. Se doctor\u00f3 en Trabajo Social en el Departamento de Trabajo Social y Servicios Sociales de la misma universidad. Adem\u00e1s, posee un m\u00e1ster en Formaci\u00f3n del Profesorado para la Educaci\u00f3n Secundaria Obligatoria, Bachillerato, Formaci\u00f3n Profesional y Lenguas, y una licenciatura en Traducci\u00f3n e Interpretaci\u00f3n. Sus principales \u00e1reas de investigaci\u00f3n abarcan los Servicios Sociales, la intervenci\u00f3n en Trabajo Social, la migraci\u00f3n de retiro, la atenci\u00f3n a personas mayores, la pol\u00edtica social, la pol\u00edtica p\u00fablica y la investigaci\u00f3n cualitativa.<\/p>\n                    <\/div>\n                                  <\/div>\n              \n                              <div class=\"team-member-content\">\n                  <div class=\"team-member-image\">\n                                          <img decoding=\"async\" src=\"https:\/\/welfare-experiences.org\/wp-content\/uploads\/Pedro_Fuentes-e1748247054829-500x488.jpg\" alt=\"Profile image\">\n                                      <\/div>\n                  <div class=\"team-member-details\">\n                                          <h3>Pedro Fuentes Rey<\/h3>\n                                                              <p class=\"member-position\">Responsable del equipo de coproducci\u00f3n, C\u00e1ritas Espa\u00f1ola<\/p>\n                                                                                                    <div class=\"member-social-media\">\n                                                                                                                                  <\/div>\n                  <\/div>\n                                      <div class=\"team-member-desc\">\n                      <p>Responsable del equipo de coproducci\u00f3n. Graduado en sociolog\u00eda por la Universidad Nacional de Educaci\u00f3n a Distancia. Ha realizado numerosas publicaciones y art\u00edculos en relaci\u00f3n con el voluntariado, la exclusi\u00f3n social y algunos otros temas siempre dentro de este \u00e1mbito (drogodependencias. empleo, VIH, juventud, mayores\u2026) Es tambi\u00e9n autor de novelas de ficci\u00f3n de contenido social. Su trayectoria profesional ha estado vinculada a C\u00e1ritas Espa\u00f1ola desde 1994, con un amplio recorrido por diversos programas y responsabilidades (voluntariado, formaci\u00f3n, drogodependencias, VIH, coordinador equipo de exclusi\u00f3n social, coordinador equipo desarrollo institucional, salud, participaci\u00f3n, coordinador t\u00e9cnico de la revista documentaci\u00f3n social). En la actualidad es miembro del equipo de estudios de C\u00e1ritas Espa\u00f1ola y colaborador de la fundaci\u00f3n FOESSA y ha participado en la elaboraci\u00f3n y difusi\u00f3n de los informes FOESSA (VIII y IX).<\/p>\n                    <\/div>\n                                  <\/div>\n              \n                              <div class=\"team-member-content\">\n                  <div class=\"team-member-image\">\n                                          <img decoding=\"async\" src=\"https:\/\/welfare-experiences.org\/wp-content\/uploads\/Guillermo-Oteros-500x333.jpeg\" alt=\"Profile image\">\n                                      <\/div>\n                  <div class=\"team-member-details\">\n                                          <h3>Guillermo Oteros <\/h3>\n                                                              <p class=\"member-position\">Miembro del equipo de coproducci\u00f3n, C\u00e0ritas Diocesana de Barcelona <\/p>\n                                                                                                    <div class=\"member-social-media\">\n                                                                                                                                  <\/div>\n                  <\/div>\n                                      <div class=\"team-member-desc\">\n                      <p>Miembro del equipo de coproducci\u00f3n. Graduado en Sociolog\u00eda en la Universidad de Barcelona (UB) y M\u00e1ster en Pol\u00edticas P\u00fablicas y Sociales en la Universidad Pompeu Fabra (UPF) \u2013 Barcelona School of Management (BSM). T\u00e9cnico del Departamento de An\u00e1lisis Social y Observatorio de la Realidad de C\u00e1ritas Diocesana Barcelona.<\/p>\n                    <\/div>\n                                  <\/div>\n              \n                              <div class=\"team-member-content\">\n                  <div class=\"team-member-image\">\n                                          <img decoding=\"async\" src=\"https:\/\/welfare-experiences.org\/wp-content\/uploads\/WhatsApp-Image-2025-11-05-at-08.57.14-387x500.jpeg\" alt=\"Profile image\">\n                                      <\/div>\n                  <div class=\"team-member-details\">\n                                          <h3>Pau Mar\u00ed Klose<\/h3>\n                                                              <p class=\"member-position\">Profesor Titular de Sociolog\u00eda, Universidad de Zaragoza<\/p>\n                                                                                                    <div class=\"member-social-media\">\n                                                                                                                                  <\/div>\n                  <\/div>\n                                      <div class=\"team-member-desc\">\n                      <p>Profesor Titular de Sociolog\u00eda en la Universidad de Zaragoza. Doctor en la Universidad Aut\u00f3noma de Madrid y Master en la Universidad de Chicago. Ha sido investigador postdoctoral del CSIC (2010-2012) y responsable cient\u00edfico del Instituto de Infancia y Mundo Urbano en Barcelona (2008-2010). Fue Alto Comisionado para la Lucha contra la Pobreza Infantil del Gobierno de Espa\u00f1a (2018-2019). Autor o co-autor de trece libros y casi un centenar de art\u00edculos acad\u00e9micos y cap\u00edtulos en obras colectivas sobre sociolog\u00eda de la familia, pobreza infantil, desigualdad y pol\u00edtica social. Entre sus \u00faltimos art\u00edculos destaca \u201cMigrant origin children and child poverty in Spain: a decomposition analysis\u201d (en Child Indicators Research, escrito junto a A. Arcarons, A. Lanau y J. Mu\u00f1oz Comet).<\/p>\n                    <\/div>\n                                  <\/div>\n              \n                              <div class=\"team-member-content\">\n                  <div class=\"team-member-image\">\n                                          <img decoding=\"async\" src=\"https:\/\/welfare-experiences.org\/wp-content\/uploads\/Mercedes-Muriel-e1748247359996-500x500.jpg\" alt=\"Profile image\">\n                                      <\/div>\n                  <div class=\"team-member-details\">\n                                          <h3>Mercedes Muriel Saiz <\/h3>\n                                                              <p class=\"member-position\">Profesora Ayudante Doctor, Universidad Complutense de Madrid<\/p>\n                                                                                                    <div class=\"member-social-media\">\n                                                                                                                                  <\/div>\n                  <\/div>\n                                      <div class=\"team-member-desc\">\n                      <p>Doctora en Trabajo Social, M\u00e1ster en Trabajo Social Comunitario, Gesti\u00f3n y Evaluaci\u00f3n de Servicios Sociales. Grado en Trabajo Social, Licenciatura en Periodismo. Sus l\u00edneas de investigaci\u00f3n son las im\u00e1genes y representaciones sociales del Trabajo Social y los Servicios Sociales, la relaci\u00f3n entre los medios de comunicaci\u00f3n y las trabajadoras sociales, as\u00ed como el funcionamiento del sistema p\u00fablico de Servicios Sociales. <\/p>\n                    <\/div>\n                                  <\/div>\n              \n                          <\/div>\n          <\/div>\n                  \n      <\/div>\n      <script>\n      jQuery(document).ready( function($) {\n      $(\".accordion-header\").on(\"click\", function () {\n          const parentItem = $(this).closest(\".accordion-item\");\n          const content = parentItem.find(\".accordion-content\");\n\n          if (parentItem.hasClass(\"open\")) {\n            content.slideUp();\n            parentItem.removeClass(\"open\");\n          } else {\n            content.slideDown();\n            parentItem.addClass(\"open\");\n          }\n        });\n      });\n      <\/script>\n\n    <\/div>\n  <\/div>\n<\/div>\n\n\n\n\n<div id=\"block_ee8dec31b66ff00ba29e8d7bc84b9a20\" class=\"wp-block-spacer-custom\" aria-hidden=\"true\">\n\n<style media=\"screen\">\n  #block_ee8dec31b66ff00ba29e8d7bc84b9a20{\n    clear: both;\n    height: 48px;\n  }\n  @media(max-width: 800px){\n    #block_ee8dec31b66ff00ba29e8d7bc84b9a20{\n      height: 24px;\n    }\n  }\n<\/style>\n<\/div>\n","protected":false},"excerpt":{"rendered":"","protected":false},"author":2,"featured_media":0,"parent":0,"menu_order":0,"comment_status":"closed","ping_status":"closed","template":"","meta":{"_acf_changed":false,"footnotes":""},"class_list":["post-990","page","type-page","status-publish","hentry"],"acf":[],"_links":{"self":[{"href":"https:\/\/welfare-experiences.org\/es\/wp-json\/wp\/v2\/pages\/990","targetHints":{"allow":["GET"]}}],"collection":[{"href":"https:\/\/welfare-experiences.org\/es\/wp-json\/wp\/v2\/pages"}],"about":[{"href":"https:\/\/welfare-experiences.org\/es\/wp-json\/wp\/v2\/types\/page"}],"author":[{"embeddable":true,"href":"https:\/\/welfare-experiences.org\/es\/wp-json\/wp\/v2\/users\/2"}],"replies":[{"embeddable":true,"href":"https:\/\/welfare-experiences.org\/es\/wp-json\/wp\/v2\/comments?post=990"}],"version-history":[{"count":0,"href":"https:\/\/welfare-experiences.org\/es\/wp-json\/wp\/v2\/pages\/990\/revisions"}],"wp:attachment":[{"href":"https:\/\/welfare-experiences.org\/es\/wp-json\/wp\/v2\/media?parent=990"}],"curies":[{"name":"wp","href":"https:\/\/api.w.org\/{rel}","templated":true}]}}