{"id":46,"date":"2024-12-17T12:10:21","date_gmt":"2024-12-17T10:10:21","guid":{"rendered":"https:\/\/welfare.praxis.ee\/demoleht\/"},"modified":"2025-05-30T16:36:05","modified_gmt":"2025-05-30T13:36:05","slug":"demoleht","status":"publish","type":"page","link":"https:\/\/welfare-experiences.org\/es","title":{"rendered":"Home page"},"content":{"rendered":"\n<div id=\"block_41d5a00150b099ce2c3701e450b2c382\" class=\"wp-block-spacer-custom\" aria-hidden=\"true\">\n\n<style media=\"screen\">\n  #block_41d5a00150b099ce2c3701e450b2c382{\n    clear: both;\n    height: 80px;\n  }\n  @media(max-width: 800px){\n    #block_41d5a00150b099ce2c3701e450b2c382{\n      height: 40px;\n    }\n  }\n<\/style>\n<\/div>\n\n\n\n<div id=\"block_0a7afcd663fde90e572691f7181e7664\" class=\"narrow-text-block\" aria-hidden=\"true\">\n\n  <div class=\"wrap\">\n\n    <p>El proyecto <em>Welfare Experiences<\/em> es una propuesta innovadora que analiza y compara c\u00f3mo perciben y experimentan las personas la recepci\u00f3n de ayudas sociales en cinco pa\u00edses: Estonia, Hungr\u00eda, Noruega, Espa\u00f1a y el Reino Unido.<\/p>\n<p>El proyecto <em>Welfare Experiences<\/em> es una de las primeras iniciativas internacionales que compara c\u00f3mo viven las personas la recepci\u00f3n de ayudas p\u00fablicas. Analiza en profundidad estas experiencias, el impacto de las distintas pol\u00edticas sobre ellas y sus consecuencias, con el objetivo de contribuir a la mejora de los sistemas de bienestar (v\u00e9ase el apartado \u201cObjetivos\u201d).<\/p>\n<p>Desarrollado entre 2023 y 2028, el proyecto combina metodolog\u00edas mixtas y un enfoque de coproducci\u00f3n. M\u00e1s informaci\u00f3n sobre las l\u00edneas de trabajo se puede encontrar en la secci\u00f3n <a href=\"https:\/\/welfare-experiences.org\/es\/work-packages\">Paquetes de trabajo<\/a>.<\/p>\n<p>El equipo est\u00e1 formado por ocho instituciones de investigaci\u00f3n de distintos pa\u00edses europeos y siete organizaciones que colaboran directamente con personas que tienen experiencia en el acceso a prestaciones. Se puede obtener m\u00e1s informaci\u00f3n sobre el Equipo <a href=\"https:\/\/welfare.praxis.ee\/meet-the-team\/\">aqu\u00ed<\/a>.<\/p>\n<p><em>El proyecto WelfareExperiences cuenta con 3 millones de euros de financiaci\u00f3n del UK Research &amp; Innovation Guarantee [EP\/Y024621\/1], gracias a su selecci\u00f3n por parte del Consejo Europeo de Investigaci\u00f3n (European Research Council).<\/em><\/p>\n<h3>Nuestros objetivos: una declaraci\u00f3n conjunta de <em>Welfare Experiences<\/em><\/h3>\n<p><span class=\"TextRun SCXW259905324 BCX8\" lang=\"ET-EE\" xml:lang=\"ET-EE\" data-contrast=\"auto\"><span class=\"NormalTextRun SpellingErrorV2Themed SCXW259905324 BCX8\" data-ccp-charstyle=\"Fuente de p\u00e1rrafo predeter.\" data-ccp-charstyle-defn=\"{&quot;ObjectId&quot;:&quot;e246af6e-c0f5-59a9-924e-2440fa65721d|1&quot;,&quot;ClassId&quot;:1073872969,&quot;Properties&quot;:[469775450,&quot;Fuente de p\u00e1rrafo predeter.&quot;,201340122,&quot;1&quot;,134233614,&quot;true&quot;,469778129,&quot;Fuentedeprrafopredeter&quot;,335572020,&quot;1&quot;,469777841,&quot;Aptos&quot;,469777842,&quot;Arial&quot;,469777843,&quot;Aptos&quot;,469777844,&quot;Aptos&quot;,469769226,&quot;Aptos,Arial&quot;,268442635,&quot;22&quot;]}\">Nos<\/span> <span class=\"NormalTextRun SpellingErrorV2Themed SCXW259905324 BCX8\" data-ccp-charstyle=\"Fuente de p\u00e1rrafo predeter.\">hemos<\/span> <span class=\"NormalTextRun SpellingErrorV2Themed SCXW259905324 BCX8\" data-ccp-charstyle=\"Fuente de p\u00e1rrafo predeter.\">unido<\/span> <span class=\"NormalTextRun SpellingErrorV2Themed SCXW259905324 BCX8\" data-ccp-charstyle=\"Fuente de p\u00e1rrafo predeter.\">en<\/span> <span class=\"NormalTextRun SpellingErrorV2Themed SCXW259905324 BCX8\" data-ccp-charstyle=\"Fuente de p\u00e1rrafo predeter.\">este<\/span> <span class=\"NormalTextRun SpellingErrorV2Themed SCXW259905324 BCX8\" data-ccp-charstyle=\"Fuente de p\u00e1rrafo predeter.\">proyecto<\/span> <span class=\"NormalTextRun SpellingErrorV2Themed SCXW259905324 BCX8\" data-ccp-charstyle=\"Fuente de p\u00e1rrafo predeter.\">para<\/span> <span class=\"NormalTextRun SpellingErrorV2Themed SCXW259905324 BCX8\" data-ccp-charstyle=\"Fuente de p\u00e1rrafo predeter.\">perseguir<\/span> <span class=\"NormalTextRun SpellingErrorV2Themed SCXW259905324 BCX8\" data-ccp-charstyle=\"Fuente de p\u00e1rrafo predeter.\">dos<\/span> <span class=\"NormalTextRun SpellingErrorV2Themed SCXW259905324 BCX8\" data-ccp-charstyle=\"Fuente de p\u00e1rrafo predeter.\">objetivos<\/span> <span class=\"NormalTextRun SpellingErrorV2Themed SCXW259905324 BCX8\" data-ccp-charstyle=\"Fuente de p\u00e1rrafo predeter.\">comunes<\/span><span class=\"NormalTextRun SCXW259905324 BCX8\" data-ccp-charstyle=\"Fuente de p\u00e1rrafo predeter.\">.<\/span><\/span><span class=\"EOP SCXW259905324 BCX8\" data-ccp-props=\"{&quot;335559738&quot;:240,&quot;335559739&quot;:240}\">\u00a0<\/span><\/p>\n<p>En primer lugar, <strong>la formulaci\u00f3n de pol\u00edticas de bienestar debe trabajar en colaboraci\u00f3n con las personas que reciben prestaciones<\/strong>, quienes son expertas por derecho propio. Con demasiada frecuencia, los investigadores y los responsables de la formulaci\u00f3n de pol\u00edticas ignoran las opiniones de los beneficiarios al proponer pol\u00edticas de bienestar, lo que da lugar a pol\u00edticas que no solo fracasan por s\u00ed mismas, sino que adem\u00e1s empeoran la vida de los beneficiarios. Para ser claros: los beneficiarios no lo saben todo, y, por supuesto, el proceso democr\u00e1tico implica que los pol\u00edticos elegidos deben desempe\u00f1ar un papel principal. Sin embargo, una pol\u00edtica eficaz y justa requiere que los beneficiarios sean parte de la conversaci\u00f3n sobre c\u00f3mo deben realizarse los cambios; excluir a los beneficiarios es injusto e ignora a algunos de los mayores expertos sobre el funcionamiento de los sistemas de prestaciones.<\/p>\n<p>En segundo lugar, <strong>la formulaci\u00f3n de pol\u00edticas de bienestar con demasiada frecuencia se centra \u00fanicamente en los incentivos financieros, ignorando otras cuestiones que tambi\u00e9n son importantes<\/strong>. Hasta la fecha, la mayor\u00eda de las investigaciones se han centrado en si los sistemas de bienestar reducen la pobreza y fomentan el empleo. Estos son, por supuesto, aspectos importantes, pero al hablar con los beneficiarios, sabemos que tambi\u00e9n hay otras cuestiones que importan: si las prestaciones ofrecen dignidad, seguridad y se perciben como justas, o si las personas se sienten estigmatizadas, inseguras e injustamente tratadas. Estas cuestiones son importantes por s\u00ed mismas, y tambi\u00e9n afectan a otros aspectos, desde la salud mental de las personas hasta sus decisiones sobre el trabajo.<\/p>\n<p>Necesitamos cambiar la forma en que la gente piensa sobre el \u00abbienestar\u00bb: no se trata solo de una transferencia financiera, sino de una interacci\u00f3n compleja entre el ciudadano y el Estado, y la manera en que esta interacci\u00f3n ocurre puede tener efectos de gran alcance.<\/p>\n<p>Queremos hacer visibles estas \u00abexperiencias de los beneficiarios\u00bb y comenzar a construir una base de evidencia en torno a ellas, para entender mejor c\u00f3mo funcionan realmente los sistemas de bienestar. Pero los cambios que necesitamos son m\u00e1s grandes de lo que nuestro proyecto puede lograr por s\u00ed solo; nuestra esperanza es que otros se sumen a nosotros, hasta que finalmente cambiemos la forma de pensar y, en \u00faltima instancia, creemos mejores experiencias para los beneficiarios.<\/p>\n<p>&nbsp;<\/p>\n\n  <\/div>\n\n<\/div>\n\n\n\n<div id=\"block_d88e00858a3e46dc27830ae8e044efa1\" class=\"wp-block-spacer-custom\" aria-hidden=\"true\">\n\n<style media=\"screen\">\n  #block_d88e00858a3e46dc27830ae8e044efa1{\n    clear: both;\n    height: 48px;\n  }\n  @media(max-width: 800px){\n    #block_d88e00858a3e46dc27830ae8e044efa1{\n      height: 24px;\n    }\n  }\n<\/style>\n<\/div>\n","protected":false},"excerpt":{"rendered":"","protected":false},"author":1,"featured_media":0,"parent":0,"menu_order":0,"comment_status":"closed","ping_status":"closed","template":"","meta":{"_acf_changed":false,"footnotes":""},"class_list":["post-46","page","type-page","status-publish","hentry"],"acf":[],"_links":{"self":[{"href":"https:\/\/welfare-experiences.org\/es\/wp-json\/wp\/v2\/pages\/46","targetHints":{"allow":["GET"]}}],"collection":[{"href":"https:\/\/welfare-experiences.org\/es\/wp-json\/wp\/v2\/pages"}],"about":[{"href":"https:\/\/welfare-experiences.org\/es\/wp-json\/wp\/v2\/types\/page"}],"author":[{"embeddable":true,"href":"https:\/\/welfare-experiences.org\/es\/wp-json\/wp\/v2\/users\/1"}],"replies":[{"embeddable":true,"href":"https:\/\/welfare-experiences.org\/es\/wp-json\/wp\/v2\/comments?post=46"}],"version-history":[{"count":0,"href":"https:\/\/welfare-experiences.org\/es\/wp-json\/wp\/v2\/pages\/46\/revisions"}],"wp:attachment":[{"href":"https:\/\/welfare-experiences.org\/es\/wp-json\/wp\/v2\/media?parent=46"}],"curies":[{"name":"wp","href":"https:\/\/api.w.org\/{rel}","templated":true}]}}