{"id":1017,"date":"2024-12-19T13:51:51","date_gmt":"2024-12-19T11:51:51","guid":{"rendered":"https:\/\/welfare-experience.org\/?page_id=1017"},"modified":"2025-05-28T17:25:03","modified_gmt":"2025-05-28T14:25:03","slug":"work-packages","status":"publish","type":"page","link":"https:\/\/welfare-experiences.org\/es\/work-packages","title":{"rendered":"Paquetes de trabajo"},"content":{"rendered":"\n<div id=\"block_77770e61d5f65890781da4dada52fcf6\" class=\"wp-block-spacer-custom\" aria-hidden=\"true\">\n\n<style media=\"screen\">\n  #block_77770e61d5f65890781da4dada52fcf6{\n    clear: both;\n    height: 40px;\n  }\n  @media(max-width: 800px){\n    #block_77770e61d5f65890781da4dada52fcf6{\n      height: 20px;\n    }\n  }\n<\/style>\n<\/div>\n\n\n\n<div id=\"block_84322550ea2e19d9b2a6972c920d1c82\" class=\"narrow-text-block\" aria-hidden=\"true\">\n\n  <div class=\"wrap\">\n\n    <h3>C\u00f3mo ofreceremos las primeras comparaciones internacionales sobre las \u00abexperiencias de los beneficiarios\u00bb<\/h3>\n<p>Este proyecto pretende transformar la manera en que comparamos los sistemas de protecci\u00f3n social. Hasta ahora, la mayor\u00eda de los estudios se han centrado en evaluar si estos sistemas reducen la pobreza y fomentan el empleo. Si bien estos aspectos son fundamentales, al dialogar con los beneficiarios hemos constatado que existen otras cuestiones igual de importantes: algunos sistemas pueden proporcionar dignidad, un sentido de seguridad y percibirse como justos; otros, en cambio, pueden generar estigmatizaci\u00f3n, inseguridad y la sensaci\u00f3n de un trato injusto. Estas experiencias tienen un valor propio y son clave para comprender el impacto de la protecci\u00f3n social en la salud y el empleo.<\/p>\n<p>Mediante la comparaci\u00f3n de cinco pa\u00edses (Estonia, Hungr\u00eda, Noruega, Espa\u00f1a y Reino Unido), ofreceremos una de las primeras aproximaciones internacionales sobre las \u00abexperiencias de los beneficiarios\u00bb, explorando aspectos como la dignidad, la seguridad y la justicia.<\/p>\n<p>Este enfoque tambi\u00e9n nos permitir\u00e1 analizar c\u00f3mo estas experiencias afectan la salud mental y el empleo, as\u00ed como el papel que desempe\u00f1an las pol\u00edticas p\u00fablicas en dichas experiencias. En conjunto, estos hallazgos contribuir\u00e1n tanto al avance acad\u00e9mico como a la mejora de las experiencias de las personas beneficiarias en estos pa\u00edses y en contextos similares.<\/p>\n<p><strong>Nuestros cuatro objetivos principales son:<\/strong><\/p>\n<ul>\n<li>Reflexionar sobre qu\u00e9 se entiende por \u00abexperiencias de los beneficiarios\u00bb, es decir, qu\u00e9 aspectos de estas vivencias son realmente relevantes para quienes solicitan prestaciones.<\/li>\n<li>Comparar dichas experiencias entre beneficiarios de Estonia, Hungr\u00eda, Noruega, Espa\u00f1a y Reino Unido.<\/li>\n<li>Comprender c\u00f3mo las distintas pol\u00edticas pueden mejorar o empeorar estas experiencias.<\/li>\n<li>Analizar c\u00f3mo las experiencias de las personas beneficiarias influyen en su salud mental y si esto afecta su decisi\u00f3n de incorporarse al empleo.<\/li>\n<\/ul>\n<p>Lo m\u00e1s importante es que desarrollaremos esta investigaci\u00f3n en colaboraci\u00f3n directa con quienes reciben prestaciones. Este enfoque no solo enriquecer\u00e1 la calidad y fiabilidad de nuestro trabajo al basarse en sus conocimientos y vivencias, sino que consideramos que es la manera m\u00e1s adecuada de abordar un estudio de estas caracter\u00edsticas.<\/p>\n<p><strong>Para ello, planteamos tres l\u00edneas de trabajo:<\/strong><\/p>\n<h3>Paquete de trabajo 1: Una nueva forma de pensar<\/h3>\n<p>Este paquete se extiende a lo largo de todo el proyecto y se enfoca en integrar diferentes tipos de conocimiento para comprender c\u00f3mo perciben las personas sus experiencias al recibir prestaciones. Se pone especial \u00e9nfasis en la justicia epist\u00e9mica, que implica incluir las experiencias y saberes de los beneficiarios en el dise\u00f1o, recogida y an\u00e1lisis de datos. Las organizaciones del tercer sector que representan a estas personas son actores clave en este proceso.<\/p>\n<p>El proyecto se inici\u00f3 con una serie de talleres espec\u00edficos en cada pa\u00eds, que emplear\u00e1n m\u00e9todos variados, incluidos enfoques creativos. Estos talleres se llevar\u00e1n a cabo con beneficiarios en los cinco pa\u00edses y se centrar\u00e1n en sus trayectorias dentro del sistema de seguridad social, para entender las distintas dimensiones de sus experiencias y el lenguaje que utilizan para describirlas.<\/p>\n<p>Estas discusiones, junto con una revisi\u00f3n de la literatura acad\u00e9mica, dar\u00e1n lugar a nuestro marco conceptual, que guiar\u00e1 los paquetes de trabajo 2 y 3.<\/p>\n<h3>Paquete de trabajo 2: Comparaciones cualitativas innovadoras<\/h3>\n<p>En esta fase profundizaremos en las experiencias de las personas beneficiarias, tomando como base los resultados del paquete 1 para dise\u00f1ar entrevistas en profundidad. Posteriormente, emplearemos m\u00e9todos innovadores para captar estas experiencias a lo largo del tiempo:<\/p>\n<ul>\n<li>Una aplicaci\u00f3n en l\u00ednea permitir\u00e1 a las personas registrar sus impresiones tras cada interacci\u00f3n relacionada con su solicitud (presencial, online, telef\u00f3nica o por carta). Estos registros podr\u00e1n incluir texto, im\u00e1genes o grabaciones de audio. Para quienes tengan dificultades con el formato digital, desarrollaremos alternativas adaptadas a sus necesidades.<\/li>\n<li>Realizaremos entrevistas telef\u00f3nicas breves poco despu\u00e9s de momentos clave en el proceso de solicitud, identificados mediante la aplicaci\u00f3n.<\/li>\n<\/ul>\n<p>Realizar este seguimiento en cinco pa\u00edses nos permitir\u00e1 analizar c\u00f3mo las experiencias est\u00e1n influenciadas por conversaciones y mensajes espec\u00edficos, y c\u00f3mo estas interacciones se relacionan con respuestas emocionales como confianza, seguridad, desesperaci\u00f3n o humillaci\u00f3n.<\/p>\n<h3>Paquete de trabajo 3: Comparaciones cuantitativas s\u00f3lidas<\/h3>\n<p>Finalmente, bas\u00e1ndonos en los hallazgos de los dos primeros paquetes, dise\u00f1aremos y aplicaremos una encuesta a gran escala en los cinco pa\u00edses. Esta encuesta integrar\u00e1 lo aprendido sobre los aspectos m\u00e1s relevantes de la experiencia de solicitar prestaciones.<\/p>\n<p>La encuesta constar\u00e1 de dos modalidades:<\/p>\n<ul>\n<li>Una encuesta en l\u00ednea amplia, que es una forma rentable de alcanzar a un gran n\u00famero de personas en cada pa\u00eds, permitiendo analizar diferencias entre tipos de beneficiarios y hacer seguimiento longitudinal para observar c\u00f3mo evoluciona su experiencia.<\/li>\n<li>Una encuesta telef\u00f3nica m\u00e1s reducida pero esencial para garantizar la inclusi\u00f3n de personas sin acceso a internet o con dificultades para realizar tr\u00e1mites digitales.<\/li>\n<\/ul>\n<p>Los datos obtenidos permitir\u00e1n realizar comparaciones estad\u00edsticas para responder a preguntas clave sobre las diferencias entre pa\u00edses, la relaci\u00f3n con el funcionamiento de sus sistemas de bienestar y el impacto de estas experiencias en la salud mental y la probabilidad de reincorporaci\u00f3n laboral.<\/p>\n<h3>Transformando la investigaci\u00f3n y la pol\u00edtica<\/h3>\n<p>Nos proponemos tambi\u00e9n que los resultados sean accesibles y comprensibles para distintos p\u00fablicos. Adem\u00e1s de art\u00edculos acad\u00e9micos, generaremos materiales dirigidos a responsables pol\u00edticos y actores sociales.<\/p>\n<p>Colaboraremos con organismos internacionales, organizaciones formadas por personas con experiencia directa, medios de comunicaci\u00f3n y responsables pol\u00edticos nacionales. Para estos p\u00fablicos, crearemos contenidos especializados, elaborados conjuntamente por acad\u00e9micos y personas beneficiarias, que incluir\u00e1n blogs, podcasts y visualizaciones interactivas que muestren c\u00f3mo var\u00edan las experiencias seg\u00fan el pa\u00eds y el perfil de las personas.<\/p>\n<p>Dentro del proyecto, fomentaremos espacios de di\u00e1logo donde personas con experiencia directa y expertos acad\u00e9micos puedan debatir decisiones pol\u00edticas con otros actores. Esto incluir\u00e1 formaci\u00f3n y apoyo para que estas personas puedan expresarse ante los medios, as\u00ed como la organizaci\u00f3n de eventos con responsables pol\u00edticos para realizar un \u00abmapeo inverso\u00bb, identificando desde las interacciones positivas hasta las decisiones pol\u00edticas que las hacen posibles.<\/p>\n\n  <\/div>\n\n<\/div>\n\n\n\n<div id=\"block_c9a88c22931f3f86c1490be3007148ff\" class=\"wp-block-spacer-custom\" aria-hidden=\"true\">\n\n<style media=\"screen\">\n  #block_c9a88c22931f3f86c1490be3007148ff{\n    clear: both;\n    height: 48px;\n  }\n  @media(max-width: 800px){\n    #block_c9a88c22931f3f86c1490be3007148ff{\n      height: 24px;\n    }\n  }\n<\/style>\n<\/div>\n","protected":false},"excerpt":{"rendered":"","protected":false},"author":2,"featured_media":0,"parent":0,"menu_order":0,"comment_status":"closed","ping_status":"closed","template":"","meta":{"_acf_changed":false,"footnotes":""},"class_list":["post-1017","page","type-page","status-publish","hentry"],"acf":[],"_links":{"self":[{"href":"https:\/\/welfare-experiences.org\/es\/wp-json\/wp\/v2\/pages\/1017","targetHints":{"allow":["GET"]}}],"collection":[{"href":"https:\/\/welfare-experiences.org\/es\/wp-json\/wp\/v2\/pages"}],"about":[{"href":"https:\/\/welfare-experiences.org\/es\/wp-json\/wp\/v2\/types\/page"}],"author":[{"embeddable":true,"href":"https:\/\/welfare-experiences.org\/es\/wp-json\/wp\/v2\/users\/2"}],"replies":[{"embeddable":true,"href":"https:\/\/welfare-experiences.org\/es\/wp-json\/wp\/v2\/comments?post=1017"}],"version-history":[{"count":0,"href":"https:\/\/welfare-experiences.org\/es\/wp-json\/wp\/v2\/pages\/1017\/revisions"}],"wp:attachment":[{"href":"https:\/\/welfare-experiences.org\/es\/wp-json\/wp\/v2\/media?parent=1017"}],"curies":[{"name":"wp","href":"https:\/\/api.w.org\/{rel}","templated":true}]}}