{"id":1001,"date":"2024-12-19T13:52:12","date_gmt":"2024-12-19T11:52:12","guid":{"rendered":"https:\/\/welfare-experience.org\/?page_id=1001"},"modified":"2025-05-23T15:03:41","modified_gmt":"2025-05-23T12:03:41","slug":"documentation-page-top-content","status":"publish","type":"page","link":"https:\/\/welfare-experiences.org\/es\/documentation-page-top-content","title":{"rendered":"Documentation page top content"},"content":{"rendered":"\n<div id=\"block_82b4dd73e7eaa13ecb55f5b0651b1895\" class=\"wp-block-spacer-custom\" aria-hidden=\"true\">\n\n<style media=\"screen\">\n  #block_82b4dd73e7eaa13ecb55f5b0651b1895{\n    clear: both;\n    height: 80px;\n  }\n  @media(max-width: 800px){\n    #block_82b4dd73e7eaa13ecb55f5b0651b1895{\n      height: 40px;\n    }\n  }\n<\/style>\n<\/div>\n\n\n\n<div id=\"block_da83d04bf960aed8a40d8321660b1ef5\" class=\"narrow-text-block\" aria-hidden=\"true\">\n\n  <div class=\"wrap\">\n\n    <p>Nuestros informes se a\u00f1adir\u00e1n a esta p\u00e1gina en el momento de su publicaci\u00f3n, comenzando en la primavera de 2025.<\/p>\n\n  <\/div>\n\n<\/div>\n\n\n\n<div id=\"block_f051eefcee6e614e1e445ece1b3a12d7\" class=\"wp-block-spacer-custom\" aria-hidden=\"true\">\n\n<style media=\"screen\">\n  #block_f051eefcee6e614e1e445ece1b3a12d7{\n    clear: both;\n    height: 120px;\n  }\n  @media(max-width: 800px){\n    #block_f051eefcee6e614e1e445ece1b3a12d7{\n      height: 120px;\n    }\n  }\n<\/style>\n<\/div>\n","protected":false},"excerpt":{"rendered":"","protected":false},"author":2,"featured_media":0,"parent":0,"menu_order":0,"comment_status":"closed","ping_status":"closed","template":"","meta":{"_acf_changed":false,"footnotes":""},"class_list":["post-1001","page","type-page","status-publish","hentry"],"acf":[],"_links":{"self":[{"href":"https:\/\/welfare-experiences.org\/es\/wp-json\/wp\/v2\/pages\/1001","targetHints":{"allow":["GET"]}}],"collection":[{"href":"https:\/\/welfare-experiences.org\/es\/wp-json\/wp\/v2\/pages"}],"about":[{"href":"https:\/\/welfare-experiences.org\/es\/wp-json\/wp\/v2\/types\/page"}],"author":[{"embeddable":true,"href":"https:\/\/welfare-experiences.org\/es\/wp-json\/wp\/v2\/users\/2"}],"replies":[{"embeddable":true,"href":"https:\/\/welfare-experiences.org\/es\/wp-json\/wp\/v2\/comments?post=1001"}],"version-history":[{"count":0,"href":"https:\/\/welfare-experiences.org\/es\/wp-json\/wp\/v2\/pages\/1001\/revisions"}],"wp:attachment":[{"href":"https:\/\/welfare-experiences.org\/es\/wp-json\/wp\/v2\/media?parent=1001"}],"curies":[{"name":"wp","href":"https:\/\/api.w.org\/{rel}","templated":true}]}}